{"id":772,"date":"2021-11-28T07:03:35","date_gmt":"2021-11-28T06:03:35","guid":{"rendered":"https:\/\/autourdulac.com\/editions\/?page_id=772"},"modified":"2021-12-15T02:52:24","modified_gmt":"2021-12-15T01:52:24","slug":"livre-marie-du-lou","status":"publish","type":"page","link":"https:\/\/autourdulac.com\/editions\/nos-livres\/livre-marie-du-lou\/","title":{"rendered":"Livre Marie du Lou"},"content":{"rendered":"\n<div class=\"wp-block-columns is-layout-flex wp-container-4\">\n<div class=\"wp-block-column is-layout-flow\">\n<h1 class=\"wp-block-heading\">Marie du Lou<\/h1>\n\n\n\n<h2 class=\"wp-block-heading\">M\u00e9moires d&rsquo;un ch\u00e2teau du peuple<\/h2>\n\n\n\n<p>M\u00e9moires individuelles, m\u00e9moire collective, ce livre d\u00e9di\u00e9 a Marie Berthier a l&rsquo;occasion de ses quatre-vingt-dix printemps recueille des moments v\u00e9cus au ch\u00e2teau du Lou-du-Lac par des femmes et des hommes d&rsquo;\u00e2ges et de conditions sociales divers, photographi\u00e9s en noir et blanc.<\/p>\n\n\n\n<p class=\"has-text-align-center\"> <span style=\"color:#d71409\" class=\"has-inline-color\"><strong>!!! Ce livre n&rsquo;est plus disponible !!!<\/strong><\/span> <\/p>\n<\/div>\n\n\n\n<div class=\"wp-block-column is-layout-flow\">\n<figure class=\"wp-block-image size-large\"><img decoding=\"async\" loading=\"lazy\" width=\"1024\" height=\"901\" src=\"https:\/\/i0.wp.com\/autourdulac.com\/editions\/wp-content\/uploads\/2018\/01\/couv-marie-du-lou.jpg?resize=1024%2C901&#038;ssl=1\" alt=\"Marie du Lou\" class=\"wp-image-134\" srcset=\"https:\/\/i0.wp.com\/autourdulac.com\/editions\/wp-content\/uploads\/2018\/01\/couv-marie-du-lou.jpg?resize=1024%2C901&amp;ssl=1 1024w, https:\/\/i0.wp.com\/autourdulac.com\/editions\/wp-content\/uploads\/2018\/01\/couv-marie-du-lou.jpg?resize=300%2C264&amp;ssl=1 300w, https:\/\/i0.wp.com\/autourdulac.com\/editions\/wp-content\/uploads\/2018\/01\/couv-marie-du-lou.jpg?resize=768%2C676&amp;ssl=1 768w, https:\/\/i0.wp.com\/autourdulac.com\/editions\/wp-content\/uploads\/2018\/01\/couv-marie-du-lou.jpg?w=1088&amp;ssl=1 1088w\" sizes=\"(max-width: 1000px) 100vw, 1000px\" data-recalc-dims=\"1\" \/><\/figure>\n\n\n\n<p class=\"has-text-align-center has-normal-font-size\">Livre broch\u00e9, couleur, 98 pages &#8211; 18,5cm x 21cm<\/p>\n\n\n\n<p class=\"has-text-align-center has-normal-font-size\">Imprim\u00e9 en Bretagne<\/p>\n\n\n\n<p><\/p>\n\n\n\n<p><strong>Editeur : <\/strong>Association Chez Marie.&nbsp;<a href=\"http:\/\/chezmariedulou.fr\/\" target=\"_blank\" rel=\"noreferrer noopener\">Visiter leur site<\/a><\/p>\n\n\n\n<p><strong><em>ISBN<\/em><\/strong>&nbsp;: 978-29-54607-30-6<\/p>\n\n\n\n<p><strong><em>Parution<\/em><\/strong>&nbsp;: ao\u00fbt 2013<\/p>\n\n\n\n<p> <\/p>\n\n\n\n<p><strong><em>Prix<\/em><\/strong>&nbsp;: 12,00\u20ac<\/p>\n\n\n\n<div class=\"wp-block-buttons is-content-justification-center is-layout-flex\">\n<div class=\"wp-block-button has-custom-font-size is-style-outline has-small-font-size\"><a class=\"wp-block-button__link has-ast-global-color-3-color has-text-color\" href=\"https:\/\/autourdulac.com\/editions\/nos-livres\/\" style=\"border-radius:10px\">Retourner au catalogue<\/a><\/div>\n<\/div>\n<\/div>\n<\/div>\n","protected":false},"excerpt":{"rendered":"<p>Marie du Lou M\u00e9moires d&rsquo;un ch\u00e2teau du peuple M\u00e9moires individuelles, m\u00e9moire collective, ce livre d\u00e9di\u00e9 a Marie Berthier a l&rsquo;occasion de ses quatre-vingt-dix printemps recueille des moments v\u00e9cus au ch\u00e2teau du Lou-du-Lac par des femmes et des hommes d&rsquo;\u00e2ges et de conditions sociales divers, photographi\u00e9s en noir et blanc. !!! Ce livre n&rsquo;est plus disponible [&hellip;]<\/p>\n","protected":false},"author":4,"featured_media":0,"parent":731,"menu_order":1,"comment_status":"closed","ping_status":"closed","template":"","meta":{"site-sidebar-layout":"default","site-content-layout":"","ast-site-content-layout":"default","site-content-style":"default","site-sidebar-style":"default","ast-global-header-display":"","ast-banner-title-visibility":"","ast-main-header-display":"","ast-hfb-above-header-display":"","ast-hfb-below-header-display":"","ast-hfb-mobile-header-display":"","site-post-title":"","ast-breadcrumbs-content":"","ast-featured-img":"","footer-sml-layout":"","ast-disable-related-posts":"","theme-transparent-header-meta":"","adv-header-id-meta":"","stick-header-meta":"","header-above-stick-meta":"","header-main-stick-meta":"","header-below-stick-meta":"","astra-migrate-meta-layouts":"default","ast-page-background-enabled":"default","ast-page-background-meta":{"desktop":{"background-color":"var(--ast-global-color-4)","background-image":"","background-repeat":"repeat","background-position":"center center","background-size":"auto","background-attachment":"scroll","background-type":"","background-media":"","overlay-type":"","overlay-color":"","overlay-opacity":"","overlay-gradient":""},"tablet":{"background-color":"","background-image":"","background-repeat":"repeat","background-position":"center center","background-size":"auto","background-attachment":"scroll","background-type":"","background-media":"","overlay-type":"","overlay-color":"","overlay-opacity":"","overlay-gradient":""},"mobile":{"background-color":"","background-image":"","background-repeat":"repeat","background-position":"center center","background-size":"auto","background-attachment":"scroll","background-type":"","background-media":"","overlay-type":"","overlay-color":"","overlay-opacity":"","overlay-gradient":""}},"ast-content-background-meta":{"desktop":{"background-color":"var(--ast-global-color-5)","background-image":"","background-repeat":"repeat","background-position":"center center","background-size":"auto","background-attachment":"scroll","background-type":"","background-media":"","overlay-type":"","overlay-color":"","overlay-opacity":"","overlay-gradient":""},"tablet":{"background-color":"var(--ast-global-color-5)","background-image":"","background-repeat":"repeat","background-position":"center center","background-size":"auto","background-attachment":"scroll","background-type":"","background-media":"","overlay-type":"","overlay-color":"","overlay-opacity":"","overlay-gradient":""},"mobile":{"background-color":"var(--ast-global-color-5)","background-image":"","background-repeat":"repeat","background-position":"center center","background-size":"auto","background-attachment":"scroll","background-type":"","background-media":"","overlay-type":"","overlay-color":"","overlay-opacity":"","overlay-gradient":""}},"jetpack_post_was_ever_published":false},"yoast_head":"<!-- This site is optimized with the Yoast SEO plugin v21.8.1 - https:\/\/yoast.com\/wordpress\/plugins\/seo\/ -->\n<title>Livre Marie du Lou - Autour du lac<\/title>\n<meta name=\"description\" content=\"Autour du lac - Page de pr\u00e9sentation du livre Marie du Lou, M\u00e9moires d&#039;un ch\u00e2teau du peuple\" \/>\n<meta name=\"robots\" content=\"index, follow, max-snippet:-1, max-image-preview:large, max-video-preview:-1\" \/>\n<link rel=\"canonical\" href=\"https:\/\/autourdulac.com\/editions\/nos-livres\/livre-marie-du-lou\/\" \/>\n<meta property=\"og:locale\" content=\"fr_FR\" \/>\n<meta property=\"og:type\" content=\"article\" \/>\n<meta property=\"og:title\" content=\"Autour du lac\" \/>\n<meta property=\"og:description\" content=\"autourdulac.com\" \/>\n<meta property=\"og:url\" content=\"https:\/\/autourdulac.com\/editions\/nos-livres\/livre-marie-du-lou\/\" \/>\n<meta property=\"og:site_name\" content=\"Autour du lac\" \/>\n<meta property=\"article:modified_time\" content=\"2021-12-15T01:52:24+00:00\" \/>\n<meta property=\"og:image\" content=\"https:\/\/autourdulac.com\/editions\/wp-content\/uploads\/2018\/01\/accueil.jpg\" \/>\n\t<meta property=\"og:image:width\" content=\"1920\" \/>\n\t<meta property=\"og:image:height\" content=\"1272\" \/>\n\t<meta property=\"og:image:type\" content=\"image\/jpeg\" \/>\n<meta name=\"twitter:card\" content=\"summary_large_image\" \/>\n<meta name=\"twitter:title\" content=\"Autour du lac\" \/>\n<meta name=\"twitter:description\" content=\"autourdulac.com\" \/>\n<meta name=\"twitter:image\" content=\"https:\/\/i0.wp.com\/autourdulac.com\/editions\/wp-content\/uploads\/2018\/01\/accueil.jpg?fit=1920%2C1272&ssl=1\" \/>\n<meta name=\"twitter:label1\" content=\"Dur\u00e9e de lecture estim\u00e9e\" \/>\n\t<meta name=\"twitter:data1\" content=\"1 minute\" \/>\n<script type=\"application\/ld+json\" class=\"yoast-schema-graph\">{\"@context\":\"https:\/\/schema.org\",\"@graph\":[{\"@type\":[\"WebPage\",\"ItemPage\"],\"@id\":\"https:\/\/autourdulac.com\/editions\/nos-livres\/livre-marie-du-lou\/\",\"url\":\"https:\/\/autourdulac.com\/editions\/nos-livres\/livre-marie-du-lou\/\",\"name\":\"Livre Marie du Lou - Autour du lac\",\"isPartOf\":{\"@id\":\"https:\/\/autourdulac.com\/editions\/#website\"},\"datePublished\":\"2021-11-28T06:03:35+00:00\",\"dateModified\":\"2021-12-15T01:52:24+00:00\",\"description\":\"Autour du lac - Page de pr\u00e9sentation du livre Marie du Lou, M\u00e9moires d'un ch\u00e2teau du peuple\",\"breadcrumb\":{\"@id\":\"https:\/\/autourdulac.com\/editions\/nos-livres\/livre-marie-du-lou\/#breadcrumb\"},\"inLanguage\":\"fr-FR\",\"potentialAction\":[{\"@type\":\"ReadAction\",\"target\":[\"https:\/\/autourdulac.com\/editions\/nos-livres\/livre-marie-du-lou\/\"]}]},{\"@type\":\"BreadcrumbList\",\"@id\":\"https:\/\/autourdulac.com\/editions\/nos-livres\/livre-marie-du-lou\/#breadcrumb\",\"itemListElement\":[{\"@type\":\"ListItem\",\"position\":1,\"name\":\"autourdulac\",\"item\":\"https:\/\/autourdulac.com\/editions\/\"},{\"@type\":\"ListItem\",\"position\":2,\"name\":\"D\u00e9couvrez nos livres\",\"item\":\"https:\/\/autourdulac.com\/editions\/nos-livres\/\"},{\"@type\":\"ListItem\",\"position\":3,\"name\":\"Livre Marie du Lou\"}]},{\"@type\":\"WebSite\",\"@id\":\"https:\/\/autourdulac.com\/editions\/#website\",\"url\":\"https:\/\/autourdulac.com\/editions\/\",\"name\":\"Autour du lac\",\"description\":\"\",\"publisher\":{\"@id\":\"https:\/\/autourdulac.com\/editions\/#organization\"},\"potentialAction\":[{\"@type\":\"SearchAction\",\"target\":{\"@type\":\"EntryPoint\",\"urlTemplate\":\"https:\/\/autourdulac.com\/editions\/?s={search_term_string}\"},\"query-input\":\"required name=search_term_string\"}],\"inLanguage\":\"fr-FR\"},{\"@type\":\"Organization\",\"@id\":\"https:\/\/autourdulac.com\/editions\/#organization\",\"name\":\"autourdulac.com\",\"url\":\"https:\/\/autourdulac.com\/editions\/\",\"logo\":{\"@type\":\"ImageObject\",\"inLanguage\":\"fr-FR\",\"@id\":\"https:\/\/autourdulac.com\/editions\/#\/schema\/logo\/image\/\",\"url\":\"https:\/\/i1.wp.com\/autourdulac.com\/editions\/wp-content\/uploads\/2018\/01\/icone.gif?fit=80%2C150&ssl=1\",\"contentUrl\":\"https:\/\/i1.wp.com\/autourdulac.com\/editions\/wp-content\/uploads\/2018\/01\/icone.gif?fit=80%2C150&ssl=1\",\"width\":80,\"height\":150,\"caption\":\"autourdulac.com\"},\"image\":{\"@id\":\"https:\/\/autourdulac.com\/editions\/#\/schema\/logo\/image\/\"}}]}<\/script>\n<!-- \/ Yoast SEO plugin. -->","yoast_head_json":{"title":"Livre Marie du Lou - Autour du lac","description":"Autour du lac - Page de pr\u00e9sentation du livre Marie du Lou, M\u00e9moires d'un ch\u00e2teau du peuple","robots":{"index":"index","follow":"follow","max-snippet":"max-snippet:-1","max-image-preview":"max-image-preview:large","max-video-preview":"max-video-preview:-1"},"canonical":"https:\/\/autourdulac.com\/editions\/nos-livres\/livre-marie-du-lou\/","og_locale":"fr_FR","og_type":"article","og_title":"Autour du lac","og_description":"autourdulac.com","og_url":"https:\/\/autourdulac.com\/editions\/nos-livres\/livre-marie-du-lou\/","og_site_name":"Autour du lac","article_modified_time":"2021-12-15T01:52:24+00:00","og_image":[{"width":1920,"height":1272,"url":"https:\/\/autourdulac.com\/editions\/wp-content\/uploads\/2018\/01\/accueil.jpg","type":"image\/jpeg"}],"twitter_card":"summary_large_image","twitter_title":"Autour du lac","twitter_description":"autourdulac.com","twitter_image":"https:\/\/i0.wp.com\/autourdulac.com\/editions\/wp-content\/uploads\/2018\/01\/accueil.jpg?fit=1920%2C1272&ssl=1","twitter_misc":{"Dur\u00e9e de lecture estim\u00e9e":"1 minute"},"schema":{"@context":"https:\/\/schema.org","@graph":[{"@type":["WebPage","ItemPage"],"@id":"https:\/\/autourdulac.com\/editions\/nos-livres\/livre-marie-du-lou\/","url":"https:\/\/autourdulac.com\/editions\/nos-livres\/livre-marie-du-lou\/","name":"Livre Marie du Lou - Autour du lac","isPartOf":{"@id":"https:\/\/autourdulac.com\/editions\/#website"},"datePublished":"2021-11-28T06:03:35+00:00","dateModified":"2021-12-15T01:52:24+00:00","description":"Autour du lac - Page de pr\u00e9sentation du livre Marie du Lou, M\u00e9moires d'un ch\u00e2teau du peuple","breadcrumb":{"@id":"https:\/\/autourdulac.com\/editions\/nos-livres\/livre-marie-du-lou\/#breadcrumb"},"inLanguage":"fr-FR","potentialAction":[{"@type":"ReadAction","target":["https:\/\/autourdulac.com\/editions\/nos-livres\/livre-marie-du-lou\/"]}]},{"@type":"BreadcrumbList","@id":"https:\/\/autourdulac.com\/editions\/nos-livres\/livre-marie-du-lou\/#breadcrumb","itemListElement":[{"@type":"ListItem","position":1,"name":"autourdulac","item":"https:\/\/autourdulac.com\/editions\/"},{"@type":"ListItem","position":2,"name":"D\u00e9couvrez nos livres","item":"https:\/\/autourdulac.com\/editions\/nos-livres\/"},{"@type":"ListItem","position":3,"name":"Livre Marie du Lou"}]},{"@type":"WebSite","@id":"https:\/\/autourdulac.com\/editions\/#website","url":"https:\/\/autourdulac.com\/editions\/","name":"Autour du lac","description":"","publisher":{"@id":"https:\/\/autourdulac.com\/editions\/#organization"},"potentialAction":[{"@type":"SearchAction","target":{"@type":"EntryPoint","urlTemplate":"https:\/\/autourdulac.com\/editions\/?s={search_term_string}"},"query-input":"required name=search_term_string"}],"inLanguage":"fr-FR"},{"@type":"Organization","@id":"https:\/\/autourdulac.com\/editions\/#organization","name":"autourdulac.com","url":"https:\/\/autourdulac.com\/editions\/","logo":{"@type":"ImageObject","inLanguage":"fr-FR","@id":"https:\/\/autourdulac.com\/editions\/#\/schema\/logo\/image\/","url":"https:\/\/i1.wp.com\/autourdulac.com\/editions\/wp-content\/uploads\/2018\/01\/icone.gif?fit=80%2C150&ssl=1","contentUrl":"https:\/\/i1.wp.com\/autourdulac.com\/editions\/wp-content\/uploads\/2018\/01\/icone.gif?fit=80%2C150&ssl=1","width":80,"height":150,"caption":"autourdulac.com"},"image":{"@id":"https:\/\/autourdulac.com\/editions\/#\/schema\/logo\/image\/"}}]}},"jetpack_sharing_enabled":true,"jetpack_shortlink":"https:\/\/wp.me\/P9wg8J-cs","_links":{"self":[{"href":"https:\/\/autourdulac.com\/editions\/wp-json\/wp\/v2\/pages\/772"}],"collection":[{"href":"https:\/\/autourdulac.com\/editions\/wp-json\/wp\/v2\/pages"}],"about":[{"href":"https:\/\/autourdulac.com\/editions\/wp-json\/wp\/v2\/types\/page"}],"author":[{"embeddable":true,"href":"https:\/\/autourdulac.com\/editions\/wp-json\/wp\/v2\/users\/4"}],"replies":[{"embeddable":true,"href":"https:\/\/autourdulac.com\/editions\/wp-json\/wp\/v2\/comments?post=772"}],"version-history":[{"count":2,"href":"https:\/\/autourdulac.com\/editions\/wp-json\/wp\/v2\/pages\/772\/revisions"}],"predecessor-version":[{"id":1139,"href":"https:\/\/autourdulac.com\/editions\/wp-json\/wp\/v2\/pages\/772\/revisions\/1139"}],"up":[{"embeddable":true,"href":"https:\/\/autourdulac.com\/editions\/wp-json\/wp\/v2\/pages\/731"}],"wp:attachment":[{"href":"https:\/\/autourdulac.com\/editions\/wp-json\/wp\/v2\/media?parent=772"}],"curies":[{"name":"wp","href":"https:\/\/api.w.org\/{rel}","templated":true}]}}