{"id":771,"date":"2021-11-28T07:03:30","date_gmt":"2021-11-28T06:03:30","guid":{"rendered":"https:\/\/autourdulac.com\/editions\/?page_id=771"},"modified":"2021-12-12T04:44:57","modified_gmt":"2021-12-12T03:44:57","slug":"livre-chez-marie","status":"publish","type":"page","link":"https:\/\/autourdulac.com\/editions\/nos-livres\/livre-chez-marie\/","title":{"rendered":"Livre Chez Marie"},"content":{"rendered":"\n<div class=\"wp-block-columns is-layout-flex wp-container-4\">\n<div class=\"wp-block-column is-layout-flow\">\n<h1 class=\"wp-block-heading\">Chez Marie<\/h1>\n\n\n\n<h2 class=\"wp-block-heading\">Le petit commerce rural en Haute-Bretagne<\/h2>\n\n\n\n<p>Dans le monde rural, lorsqu&rsquo;on parle des commer\u00e7ants, on ne les \u00e9voque pas par leur sp\u00e9cialit\u00e9 (l&rsquo;\u00e9picier, le cafetier de tel village, de telle rue&#8230;), ni par le nom de leur magasin (\u00a0\u00bb le bar de la Tour \u00a0\u00bb, \u00a0\u00bb O&rsquo;Milcado \u00a0\u00bb&#8230;), mais par leur patronyme. On va chez M. X, chez Mme H, ou m\u00eame, bien souvent, le patronyme laisse la place au simple pr\u00e9nom : Chez Marie, Chez Annette&#8230;<\/p>\n\n\n\n<p>La personnalisation du commer\u00e7ant est donc particuli\u00e8rement importante et significative. Elle est la cons\u00e9quence du r\u00f4le social qu&rsquo;il joue dans les communes. Les commerces constituent des p\u00f4les relationnels, lieux de contact o\u00f9 s&rsquo;\u00e9changent non seulement les marchandises, mais aussi les informations sur la vie du village, les id\u00e9es, les avis sur la politique, etc.<\/p>\n\n\n\n<p>L&rsquo;Ecomus\u00e9e du Pays de Montfort s&rsquo;est int\u00e9ress\u00e9 \u00e0 cette profession en pleine mutation en collectant des objets et en enqu\u00eatant aupr\u00e8s des professionnels pour ensuite r\u00e9aliser une exposition, son id\u00e9e \u00e9tait de valoriser l&rsquo;image de m\u00e9tiers avec leur savoir-faire et leurs connaissances, de faire sentir le poids de leur disparition. Pour compl\u00e9ter cette d\u00e9marche, l&rsquo;Ecomus\u00e9e a fait appel au photographe Johannes Von Saurma qui, avec les chercheurs, a parcouru la campagne et fix\u00e9 sur la pellicule \u00a0\u00bb une m\u00e9moire 1992-1993 \u00a0\u00bb du petit commerce d&rsquo;un pays, restituant des atmosph\u00e8res, des ambiances, pr\u00e9sentant les femmes et les hommes dans leur environnement professionnel et quotidien.<\/p>\n<\/div>\n\n\n\n<div class=\"wp-block-column is-layout-flow\">\n<figure class=\"wp-block-image size-full is-resized\"><img decoding=\"async\" loading=\"lazy\" src=\"https:\/\/i0.wp.com\/autourdulac.com\/editions\/wp-content\/uploads\/2018\/01\/CMcouv.jpg?resize=439%2C376&#038;ssl=1\" alt=\"Chez Marie\" class=\"wp-image-135\" width=\"439\" height=\"376\" data-recalc-dims=\"1\" \/><\/figure>\n\n\n\n<p class=\"has-text-align-center has-normal-font-size\">Livre broch\u00e9, couleur, 128 pages &#8211; 25cm x 22cm<\/p>\n\n\n\n<p class=\"has-text-align-center has-normal-font-size\">Imprim\u00e9 en Sarthe<\/p>\n\n\n\n<p><strong><em>Editeur<\/em><\/strong> : Rue des Scribes, Rennes (35).&nbsp;<a href=\"http:\/\/www.rue-des-scribes.com\/\" target=\"_blank\" rel=\"noreferrer noopener\">Visiter leur site<\/a><\/p>\n\n\n\n<p><strong><em>ISBN<\/em><\/strong>&nbsp;: 978-29-06064-32-4<\/p>\n\n\n\n<p><strong><em>Parution<\/em><\/strong>&nbsp;: juin 1993<\/p>\n\n\n\n<p><strong><em>Prix<\/em><\/strong>&nbsp;: 10,00\u20ac<\/p>\n\n\n\n<div class=\"wp-block-buttons is-content-justification-center is-layout-flex\">\n<div class=\"wp-block-button has-custom-font-size is-style-outline has-small-font-size\"><a class=\"wp-block-button__link has-ast-global-color-3-color has-text-color\" href=\"https:\/\/autourdulac.com\/editions\/nos-livres\/\" style=\"border-radius:10px\">Retourner au catalogue<\/a><\/div>\n<\/div>\n<\/div>\n<\/div>\n","protected":false},"excerpt":{"rendered":"<p>Chez Marie Le petit commerce rural en Haute-Bretagne Dans le monde rural, lorsqu&rsquo;on parle des commer\u00e7ants, on ne les \u00e9voque pas par leur sp\u00e9cialit\u00e9 (l&rsquo;\u00e9picier, le cafetier de tel village, de telle rue&#8230;), ni par le nom de leur magasin (\u00a0\u00bb le bar de la Tour \u00a0\u00bb, \u00a0\u00bb O&rsquo;Milcado \u00a0\u00bb&#8230;), mais par leur patronyme. On [&hellip;]<\/p>\n","protected":false},"author":4,"featured_media":0,"parent":731,"menu_order":1,"comment_status":"closed","ping_status":"closed","template":"","meta":{"site-sidebar-layout":"default","site-content-layout":"","ast-site-content-layout":"default","site-content-style":"default","site-sidebar-style":"default","ast-global-header-display":"","ast-banner-title-visibility":"","ast-main-header-display":"","ast-hfb-above-header-display":"","ast-hfb-below-header-display":"","ast-hfb-mobile-header-display":"","site-post-title":"","ast-breadcrumbs-content":"","ast-featured-img":"","footer-sml-layout":"","ast-disable-related-posts":"","theme-transparent-header-meta":"","adv-header-id-meta":"","stick-header-meta":"","header-above-stick-meta":"","header-main-stick-meta":"","header-below-stick-meta":"","astra-migrate-meta-layouts":"default","ast-page-background-enabled":"default","ast-page-background-meta":{"desktop":{"background-color":"var(--ast-global-color-4)","background-image":"","background-repeat":"repeat","background-position":"center center","background-size":"auto","background-attachment":"scroll","background-type":"","background-media":"","overlay-type":"","overlay-color":"","overlay-opacity":"","overlay-gradient":""},"tablet":{"background-color":"","background-image":"","background-repeat":"repeat","background-position":"center center","background-size":"auto","background-attachment":"scroll","background-type":"","background-media":"","overlay-type":"","overlay-color":"","overlay-opacity":"","overlay-gradient":""},"mobile":{"background-color":"","background-image":"","background-repeat":"repeat","background-position":"center center","background-size":"auto","background-attachment":"scroll","background-type":"","background-media":"","overlay-type":"","overlay-color":"","overlay-opacity":"","overlay-gradient":""}},"ast-content-background-meta":{"desktop":{"background-color":"var(--ast-global-color-5)","background-image":"","background-repeat":"repeat","background-position":"center center","background-size":"auto","background-attachment":"scroll","background-type":"","background-media":"","overlay-type":"","overlay-color":"","overlay-opacity":"","overlay-gradient":""},"tablet":{"background-color":"var(--ast-global-color-5)","background-image":"","background-repeat":"repeat","background-position":"center center","background-size":"auto","background-attachment":"scroll","background-type":"","background-media":"","overlay-type":"","overlay-color":"","overlay-opacity":"","overlay-gradient":""},"mobile":{"background-color":"var(--ast-global-color-5)","background-image":"","background-repeat":"repeat","background-position":"center center","background-size":"auto","background-attachment":"scroll","background-type":"","background-media":"","overlay-type":"","overlay-color":"","overlay-opacity":"","overlay-gradient":""}},"jetpack_post_was_ever_published":false},"yoast_head":"<!-- This site is optimized with the Yoast SEO plugin v21.8.1 - https:\/\/yoast.com\/wordpress\/plugins\/seo\/ -->\n<title>Livre Chez Marie - Autour du lac<\/title>\n<meta name=\"description\" content=\"Autour du lac - Page de pr\u00e9sentation du livre Chez Marie - Le petit commerce rural en Haute-Bretagne.\" \/>\n<meta name=\"robots\" content=\"index, follow, max-snippet:-1, max-image-preview:large, max-video-preview:-1\" \/>\n<link rel=\"canonical\" href=\"https:\/\/autourdulac.com\/editions\/nos-livres\/livre-chez-marie\/\" \/>\n<meta property=\"og:locale\" content=\"fr_FR\" \/>\n<meta property=\"og:type\" content=\"article\" \/>\n<meta property=\"og:title\" content=\"Autour du lac\" \/>\n<meta property=\"og:description\" content=\"autourdulac.com\" \/>\n<meta property=\"og:url\" content=\"https:\/\/autourdulac.com\/editions\/nos-livres\/livre-chez-marie\/\" \/>\n<meta property=\"og:site_name\" content=\"Autour du lac\" \/>\n<meta property=\"article:modified_time\" content=\"2021-12-12T03:44:57+00:00\" \/>\n<meta property=\"og:image\" content=\"https:\/\/autourdulac.com\/editions\/wp-content\/uploads\/2018\/01\/accueil.jpg\" \/>\n\t<meta property=\"og:image:width\" content=\"1920\" \/>\n\t<meta property=\"og:image:height\" content=\"1272\" \/>\n\t<meta property=\"og:image:type\" content=\"image\/jpeg\" \/>\n<meta name=\"twitter:card\" content=\"summary_large_image\" \/>\n<meta name=\"twitter:title\" content=\"Autour du lac\" \/>\n<meta name=\"twitter:description\" content=\"autourdulac.com\" \/>\n<meta name=\"twitter:image\" content=\"https:\/\/i0.wp.com\/autourdulac.com\/editions\/wp-content\/uploads\/2018\/01\/accueil.jpg?fit=1920%2C1272&ssl=1\" \/>\n<meta name=\"twitter:label1\" content=\"Dur\u00e9e de lecture estim\u00e9e\" \/>\n\t<meta name=\"twitter:data1\" content=\"2 minutes\" \/>\n<script type=\"application\/ld+json\" class=\"yoast-schema-graph\">{\"@context\":\"https:\/\/schema.org\",\"@graph\":[{\"@type\":[\"WebPage\",\"ItemPage\"],\"@id\":\"https:\/\/autourdulac.com\/editions\/nos-livres\/livre-chez-marie\/\",\"url\":\"https:\/\/autourdulac.com\/editions\/nos-livres\/livre-chez-marie\/\",\"name\":\"Livre Chez Marie - Autour du lac\",\"isPartOf\":{\"@id\":\"https:\/\/autourdulac.com\/editions\/#website\"},\"datePublished\":\"2021-11-28T06:03:30+00:00\",\"dateModified\":\"2021-12-12T03:44:57+00:00\",\"description\":\"Autour du lac - Page de pr\u00e9sentation du livre Chez Marie - Le petit commerce rural en Haute-Bretagne.\",\"breadcrumb\":{\"@id\":\"https:\/\/autourdulac.com\/editions\/nos-livres\/livre-chez-marie\/#breadcrumb\"},\"inLanguage\":\"fr-FR\",\"potentialAction\":[{\"@type\":\"ReadAction\",\"target\":[\"https:\/\/autourdulac.com\/editions\/nos-livres\/livre-chez-marie\/\"]}]},{\"@type\":\"BreadcrumbList\",\"@id\":\"https:\/\/autourdulac.com\/editions\/nos-livres\/livre-chez-marie\/#breadcrumb\",\"itemListElement\":[{\"@type\":\"ListItem\",\"position\":1,\"name\":\"autourdulac\",\"item\":\"https:\/\/autourdulac.com\/editions\/\"},{\"@type\":\"ListItem\",\"position\":2,\"name\":\"D\u00e9couvrez nos livres\",\"item\":\"https:\/\/autourdulac.com\/editions\/nos-livres\/\"},{\"@type\":\"ListItem\",\"position\":3,\"name\":\"Livre Chez Marie\"}]},{\"@type\":\"WebSite\",\"@id\":\"https:\/\/autourdulac.com\/editions\/#website\",\"url\":\"https:\/\/autourdulac.com\/editions\/\",\"name\":\"Autour du lac\",\"description\":\"\",\"publisher\":{\"@id\":\"https:\/\/autourdulac.com\/editions\/#organization\"},\"potentialAction\":[{\"@type\":\"SearchAction\",\"target\":{\"@type\":\"EntryPoint\",\"urlTemplate\":\"https:\/\/autourdulac.com\/editions\/?s={search_term_string}\"},\"query-input\":\"required name=search_term_string\"}],\"inLanguage\":\"fr-FR\"},{\"@type\":\"Organization\",\"@id\":\"https:\/\/autourdulac.com\/editions\/#organization\",\"name\":\"autourdulac.com\",\"url\":\"https:\/\/autourdulac.com\/editions\/\",\"logo\":{\"@type\":\"ImageObject\",\"inLanguage\":\"fr-FR\",\"@id\":\"https:\/\/autourdulac.com\/editions\/#\/schema\/logo\/image\/\",\"url\":\"https:\/\/i1.wp.com\/autourdulac.com\/editions\/wp-content\/uploads\/2018\/01\/icone.gif?fit=80%2C150&ssl=1\",\"contentUrl\":\"https:\/\/i1.wp.com\/autourdulac.com\/editions\/wp-content\/uploads\/2018\/01\/icone.gif?fit=80%2C150&ssl=1\",\"width\":80,\"height\":150,\"caption\":\"autourdulac.com\"},\"image\":{\"@id\":\"https:\/\/autourdulac.com\/editions\/#\/schema\/logo\/image\/\"}}]}<\/script>\n<!-- \/ Yoast SEO plugin. -->","yoast_head_json":{"title":"Livre Chez Marie - Autour du lac","description":"Autour du lac - Page de pr\u00e9sentation du livre Chez Marie - Le petit commerce rural en Haute-Bretagne.","robots":{"index":"index","follow":"follow","max-snippet":"max-snippet:-1","max-image-preview":"max-image-preview:large","max-video-preview":"max-video-preview:-1"},"canonical":"https:\/\/autourdulac.com\/editions\/nos-livres\/livre-chez-marie\/","og_locale":"fr_FR","og_type":"article","og_title":"Autour du lac","og_description":"autourdulac.com","og_url":"https:\/\/autourdulac.com\/editions\/nos-livres\/livre-chez-marie\/","og_site_name":"Autour du lac","article_modified_time":"2021-12-12T03:44:57+00:00","og_image":[{"width":1920,"height":1272,"url":"https:\/\/autourdulac.com\/editions\/wp-content\/uploads\/2018\/01\/accueil.jpg","type":"image\/jpeg"}],"twitter_card":"summary_large_image","twitter_title":"Autour du lac","twitter_description":"autourdulac.com","twitter_image":"https:\/\/i0.wp.com\/autourdulac.com\/editions\/wp-content\/uploads\/2018\/01\/accueil.jpg?fit=1920%2C1272&ssl=1","twitter_misc":{"Dur\u00e9e de lecture estim\u00e9e":"2 minutes"},"schema":{"@context":"https:\/\/schema.org","@graph":[{"@type":["WebPage","ItemPage"],"@id":"https:\/\/autourdulac.com\/editions\/nos-livres\/livre-chez-marie\/","url":"https:\/\/autourdulac.com\/editions\/nos-livres\/livre-chez-marie\/","name":"Livre Chez Marie - Autour du lac","isPartOf":{"@id":"https:\/\/autourdulac.com\/editions\/#website"},"datePublished":"2021-11-28T06:03:30+00:00","dateModified":"2021-12-12T03:44:57+00:00","description":"Autour du lac - Page de pr\u00e9sentation du livre Chez Marie - Le petit commerce rural en Haute-Bretagne.","breadcrumb":{"@id":"https:\/\/autourdulac.com\/editions\/nos-livres\/livre-chez-marie\/#breadcrumb"},"inLanguage":"fr-FR","potentialAction":[{"@type":"ReadAction","target":["https:\/\/autourdulac.com\/editions\/nos-livres\/livre-chez-marie\/"]}]},{"@type":"BreadcrumbList","@id":"https:\/\/autourdulac.com\/editions\/nos-livres\/livre-chez-marie\/#breadcrumb","itemListElement":[{"@type":"ListItem","position":1,"name":"autourdulac","item":"https:\/\/autourdulac.com\/editions\/"},{"@type":"ListItem","position":2,"name":"D\u00e9couvrez nos livres","item":"https:\/\/autourdulac.com\/editions\/nos-livres\/"},{"@type":"ListItem","position":3,"name":"Livre Chez Marie"}]},{"@type":"WebSite","@id":"https:\/\/autourdulac.com\/editions\/#website","url":"https:\/\/autourdulac.com\/editions\/","name":"Autour du lac","description":"","publisher":{"@id":"https:\/\/autourdulac.com\/editions\/#organization"},"potentialAction":[{"@type":"SearchAction","target":{"@type":"EntryPoint","urlTemplate":"https:\/\/autourdulac.com\/editions\/?s={search_term_string}"},"query-input":"required name=search_term_string"}],"inLanguage":"fr-FR"},{"@type":"Organization","@id":"https:\/\/autourdulac.com\/editions\/#organization","name":"autourdulac.com","url":"https:\/\/autourdulac.com\/editions\/","logo":{"@type":"ImageObject","inLanguage":"fr-FR","@id":"https:\/\/autourdulac.com\/editions\/#\/schema\/logo\/image\/","url":"https:\/\/i1.wp.com\/autourdulac.com\/editions\/wp-content\/uploads\/2018\/01\/icone.gif?fit=80%2C150&ssl=1","contentUrl":"https:\/\/i1.wp.com\/autourdulac.com\/editions\/wp-content\/uploads\/2018\/01\/icone.gif?fit=80%2C150&ssl=1","width":80,"height":150,"caption":"autourdulac.com"},"image":{"@id":"https:\/\/autourdulac.com\/editions\/#\/schema\/logo\/image\/"}}]}},"jetpack_sharing_enabled":true,"jetpack_shortlink":"https:\/\/wp.me\/P9wg8J-cr","_links":{"self":[{"href":"https:\/\/autourdulac.com\/editions\/wp-json\/wp\/v2\/pages\/771"}],"collection":[{"href":"https:\/\/autourdulac.com\/editions\/wp-json\/wp\/v2\/pages"}],"about":[{"href":"https:\/\/autourdulac.com\/editions\/wp-json\/wp\/v2\/types\/page"}],"author":[{"embeddable":true,"href":"https:\/\/autourdulac.com\/editions\/wp-json\/wp\/v2\/users\/4"}],"replies":[{"embeddable":true,"href":"https:\/\/autourdulac.com\/editions\/wp-json\/wp\/v2\/comments?post=771"}],"version-history":[{"count":2,"href":"https:\/\/autourdulac.com\/editions\/wp-json\/wp\/v2\/pages\/771\/revisions"}],"predecessor-version":[{"id":1060,"href":"https:\/\/autourdulac.com\/editions\/wp-json\/wp\/v2\/pages\/771\/revisions\/1060"}],"up":[{"embeddable":true,"href":"https:\/\/autourdulac.com\/editions\/wp-json\/wp\/v2\/pages\/731"}],"wp:attachment":[{"href":"https:\/\/autourdulac.com\/editions\/wp-json\/wp\/v2\/media?parent=771"}],"curies":[{"name":"wp","href":"https:\/\/api.w.org\/{rel}","templated":true}]}}