{"id":756,"date":"2021-11-28T06:08:29","date_gmt":"2021-11-28T05:08:29","guid":{"rendered":"https:\/\/autourdulac.com\/editions\/?page_id=756"},"modified":"2021-12-12T04:56:05","modified_gmt":"2021-12-12T03:56:05","slug":"livre-visages-deau","status":"publish","type":"page","link":"https:\/\/autourdulac.com\/editions\/nos-livres\/livre-visages-deau\/","title":{"rendered":"Livre Visages d&rsquo;eau"},"content":{"rendered":"\n<div class=\"wp-block-columns is-layout-flex wp-container-4\">\n<div class=\"wp-block-column is-layout-flow\">\n<h1 class=\"wp-block-heading\">Visages d&rsquo;eau<\/h1>\n\n\n\n<p> <\/p>\n\n\n\n<p>Ce livre vous transporte au fil des pages vers une lecture \u00e9tonnante des photographies de Patrick Bidron. Sous ces belles images se cachent des personnages ou des formes qui, une fois le regard bien aiguis\u00e9, ne peuvent plus nous \u00e9chapper ! Les magnifiques po\u00e8mes d&rsquo;Anne le Pendu viennent bercer notre balade par leur douceur et leur justesse.<\/p>\n\n\n\n<p>Dans une repr\u00e9sentation graphique absolue pouss\u00e9e a son paroxysme, cr\u00e9\u00e9e par son mouvement et la lumi\u00e8re qui l&rsquo;atteint, l&rsquo;eau a cette capacit\u00e9 a diffuser son environnement imm\u00e9diat dans un jeu d&rsquo;apparences impressionnantes. Multi-visages, elle nous offre au regard une multitude de facettes d&rsquo;une incroyable diversit\u00e9.<\/p>\n\n\n\n<p>Cet ouvrage se veut une approche intimiste de cet univers fascinant. Il permet de l&rsquo;aborder sous diff\u00e9rents aspects et d&rsquo;en transmettre l&rsquo;\u00e9motion infinie devant tant de beaut\u00e9s naturelles. Cela permet aussi d&rsquo;imaginer la profusion illimit\u00e9e de textures que peut nous proposer cette nature d\u00e9bordante de complexit\u00e9.<\/p>\n<\/div>\n\n\n\n<div class=\"wp-block-column is-layout-flow\">\n<figure class=\"wp-block-image size-full\"><img decoding=\"async\" loading=\"lazy\" width=\"640\" height=\"527\" src=\"https:\/\/i0.wp.com\/autourdulac.com\/editions\/wp-content\/uploads\/2018\/01\/VE1ere-e1515820799579.jpg?resize=640%2C527&#038;ssl=1\" alt=\"Visage d'eau\" class=\"wp-image-291\" srcset=\"https:\/\/i0.wp.com\/autourdulac.com\/editions\/wp-content\/uploads\/2018\/01\/VE1ere-e1515820799579.jpg?w=640&amp;ssl=1 640w, https:\/\/i0.wp.com\/autourdulac.com\/editions\/wp-content\/uploads\/2018\/01\/VE1ere-e1515820799579.jpg?resize=300%2C247&amp;ssl=1 300w\" sizes=\"(max-width: 640px) 100vw, 640px\" data-recalc-dims=\"1\" \/><\/figure>\n\n\n\n<p class=\"has-text-align-center has-normal-font-size\">Livre broch\u00e9, couleur, 156 pages &#8211; 20cm x 24cm<\/p>\n\n\n\n<p class=\"has-text-align-center has-normal-font-size\">Imprim\u00e9 en Bretagne avec des encres v\u00e9g\u00e9tales<br>sur du papier 100 % PEFC<\/p>\n\n\n\n<p><strong><em>Photographies<\/em><\/strong><em> : Patrick Bidron<\/em><\/p>\n\n\n\n<p><strong><em>Textes<\/em><\/strong><em> : Anne Le Pendu<\/em><\/p>\n\n\n\n<p><strong><em>ISBN<\/em><\/strong>&nbsp;: 979-10-94336-02-1<\/p>\n\n\n\n<p><strong><em>Parution<\/em><\/strong>&nbsp;: novembre 2017<\/p>\n\n\n\n<p><strong><em>Prix<\/em><\/strong>&nbsp;: 21,00\u20ac<\/p>\n\n\n\n<p class=\"has-text-align-center\"><\/p>\n\n\n\n<div class=\"wp-block-buttons is-content-justification-center is-layout-flex\">\n<div class=\"wp-block-button has-custom-font-size is-style-outline has-small-font-size\"><a class=\"wp-block-button__link has-ast-global-color-3-color has-text-color\" href=\"https:\/\/autourdulac.com\/editions\/nos-livres\/\" style=\"border-radius:10px\">Retourner au catalogue<\/a><\/div>\n<\/div>\n<\/div>\n<\/div>\n","protected":false},"excerpt":{"rendered":"<p>Visages d&rsquo;eau Ce livre vous transporte au fil des pages vers une lecture \u00e9tonnante des photographies de Patrick Bidron. Sous ces belles images se cachent des personnages ou des formes qui, une fois le regard bien aiguis\u00e9, ne peuvent plus nous \u00e9chapper ! Les magnifiques po\u00e8mes d&rsquo;Anne le Pendu viennent bercer notre balade par leur [&hellip;]<\/p>\n","protected":false},"author":4,"featured_media":0,"parent":731,"menu_order":1,"comment_status":"closed","ping_status":"closed","template":"","meta":{"site-sidebar-layout":"default","site-content-layout":"","ast-site-content-layout":"default","site-content-style":"default","site-sidebar-style":"default","ast-global-header-display":"","ast-banner-title-visibility":"","ast-main-header-display":"","ast-hfb-above-header-display":"","ast-hfb-below-header-display":"","ast-hfb-mobile-header-display":"","site-post-title":"","ast-breadcrumbs-content":"","ast-featured-img":"","footer-sml-layout":"","ast-disable-related-posts":"","theme-transparent-header-meta":"","adv-header-id-meta":"","stick-header-meta":"","header-above-stick-meta":"","header-main-stick-meta":"","header-below-stick-meta":"","astra-migrate-meta-layouts":"default","ast-page-background-enabled":"default","ast-page-background-meta":{"desktop":{"background-color":"var(--ast-global-color-4)","background-image":"","background-repeat":"repeat","background-position":"center center","background-size":"auto","background-attachment":"scroll","background-type":"","background-media":"","overlay-type":"","overlay-color":"","overlay-opacity":"","overlay-gradient":""},"tablet":{"background-color":"","background-image":"","background-repeat":"repeat","background-position":"center center","background-size":"auto","background-attachment":"scroll","background-type":"","background-media":"","overlay-type":"","overlay-color":"","overlay-opacity":"","overlay-gradient":""},"mobile":{"background-color":"","background-image":"","background-repeat":"repeat","background-position":"center center","background-size":"auto","background-attachment":"scroll","background-type":"","background-media":"","overlay-type":"","overlay-color":"","overlay-opacity":"","overlay-gradient":""}},"ast-content-background-meta":{"desktop":{"background-color":"var(--ast-global-color-5)","background-image":"","background-repeat":"repeat","background-position":"center center","background-size":"auto","background-attachment":"scroll","background-type":"","background-media":"","overlay-type":"","overlay-color":"","overlay-opacity":"","overlay-gradient":""},"tablet":{"background-color":"var(--ast-global-color-5)","background-image":"","background-repeat":"repeat","background-position":"center center","background-size":"auto","background-attachment":"scroll","background-type":"","background-media":"","overlay-type":"","overlay-color":"","overlay-opacity":"","overlay-gradient":""},"mobile":{"background-color":"var(--ast-global-color-5)","background-image":"","background-repeat":"repeat","background-position":"center center","background-size":"auto","background-attachment":"scroll","background-type":"","background-media":"","overlay-type":"","overlay-color":"","overlay-opacity":"","overlay-gradient":""}},"jetpack_post_was_ever_published":false},"yoast_head":"<!-- This site is optimized with the Yoast SEO plugin v21.8.1 - https:\/\/yoast.com\/wordpress\/plugins\/seo\/ -->\n<title>Livre Visages d&#039;eau - Autour du lac<\/title>\n<meta name=\"description\" content=\"Autour du lac - Pr\u00e9sentation du livre Visages d&#039;eau, photographies de Patrick Bidron, po\u00e8mes d&#039;Anne le Pendu.\" \/>\n<meta name=\"robots\" content=\"index, follow, max-snippet:-1, max-image-preview:large, max-video-preview:-1\" \/>\n<link rel=\"canonical\" href=\"https:\/\/autourdulac.com\/editions\/nos-livres\/livre-visages-deau\/\" \/>\n<meta property=\"og:locale\" content=\"fr_FR\" \/>\n<meta property=\"og:type\" content=\"article\" \/>\n<meta property=\"og:title\" content=\"Autour du lac\" \/>\n<meta property=\"og:description\" content=\"autourdulac.com\" \/>\n<meta property=\"og:url\" content=\"https:\/\/autourdulac.com\/editions\/nos-livres\/livre-visages-deau\/\" \/>\n<meta property=\"og:site_name\" content=\"Autour du lac\" \/>\n<meta property=\"article:modified_time\" content=\"2021-12-12T03:56:05+00:00\" \/>\n<meta property=\"og:image\" content=\"https:\/\/autourdulac.com\/editions\/wp-content\/uploads\/2018\/01\/accueil.jpg\" \/>\n\t<meta property=\"og:image:width\" content=\"1920\" \/>\n\t<meta property=\"og:image:height\" content=\"1272\" \/>\n\t<meta property=\"og:image:type\" content=\"image\/jpeg\" \/>\n<meta name=\"twitter:card\" content=\"summary_large_image\" \/>\n<meta name=\"twitter:title\" content=\"Autour du lac\" \/>\n<meta name=\"twitter:description\" content=\"autourdulac.com\" \/>\n<meta name=\"twitter:image\" content=\"https:\/\/i0.wp.com\/autourdulac.com\/editions\/wp-content\/uploads\/2018\/01\/accueil.jpg?fit=1920%2C1272&ssl=1\" \/>\n<meta name=\"twitter:label1\" content=\"Dur\u00e9e de lecture estim\u00e9e\" \/>\n\t<meta name=\"twitter:data1\" content=\"2 minutes\" \/>\n<script type=\"application\/ld+json\" class=\"yoast-schema-graph\">{\"@context\":\"https:\/\/schema.org\",\"@graph\":[{\"@type\":[\"WebPage\",\"ItemPage\"],\"@id\":\"https:\/\/autourdulac.com\/editions\/nos-livres\/livre-visages-deau\/\",\"url\":\"https:\/\/autourdulac.com\/editions\/nos-livres\/livre-visages-deau\/\",\"name\":\"Livre Visages d'eau - Autour du lac\",\"isPartOf\":{\"@id\":\"https:\/\/autourdulac.com\/editions\/#website\"},\"datePublished\":\"2021-11-28T05:08:29+00:00\",\"dateModified\":\"2021-12-12T03:56:05+00:00\",\"description\":\"Autour du lac - Pr\u00e9sentation du livre Visages d'eau, photographies de Patrick Bidron, po\u00e8mes d'Anne le Pendu.\",\"breadcrumb\":{\"@id\":\"https:\/\/autourdulac.com\/editions\/nos-livres\/livre-visages-deau\/#breadcrumb\"},\"inLanguage\":\"fr-FR\",\"potentialAction\":[{\"@type\":\"ReadAction\",\"target\":[\"https:\/\/autourdulac.com\/editions\/nos-livres\/livre-visages-deau\/\"]}]},{\"@type\":\"BreadcrumbList\",\"@id\":\"https:\/\/autourdulac.com\/editions\/nos-livres\/livre-visages-deau\/#breadcrumb\",\"itemListElement\":[{\"@type\":\"ListItem\",\"position\":1,\"name\":\"autourdulac\",\"item\":\"https:\/\/autourdulac.com\/editions\/\"},{\"@type\":\"ListItem\",\"position\":2,\"name\":\"D\u00e9couvrez nos livres\",\"item\":\"https:\/\/autourdulac.com\/editions\/nos-livres\/\"},{\"@type\":\"ListItem\",\"position\":3,\"name\":\"Livre Visages d&rsquo;eau\"}]},{\"@type\":\"WebSite\",\"@id\":\"https:\/\/autourdulac.com\/editions\/#website\",\"url\":\"https:\/\/autourdulac.com\/editions\/\",\"name\":\"Autour du lac\",\"description\":\"\",\"publisher\":{\"@id\":\"https:\/\/autourdulac.com\/editions\/#organization\"},\"potentialAction\":[{\"@type\":\"SearchAction\",\"target\":{\"@type\":\"EntryPoint\",\"urlTemplate\":\"https:\/\/autourdulac.com\/editions\/?s={search_term_string}\"},\"query-input\":\"required name=search_term_string\"}],\"inLanguage\":\"fr-FR\"},{\"@type\":\"Organization\",\"@id\":\"https:\/\/autourdulac.com\/editions\/#organization\",\"name\":\"autourdulac.com\",\"url\":\"https:\/\/autourdulac.com\/editions\/\",\"logo\":{\"@type\":\"ImageObject\",\"inLanguage\":\"fr-FR\",\"@id\":\"https:\/\/autourdulac.com\/editions\/#\/schema\/logo\/image\/\",\"url\":\"https:\/\/i1.wp.com\/autourdulac.com\/editions\/wp-content\/uploads\/2018\/01\/icone.gif?fit=80%2C150&ssl=1\",\"contentUrl\":\"https:\/\/i1.wp.com\/autourdulac.com\/editions\/wp-content\/uploads\/2018\/01\/icone.gif?fit=80%2C150&ssl=1\",\"width\":80,\"height\":150,\"caption\":\"autourdulac.com\"},\"image\":{\"@id\":\"https:\/\/autourdulac.com\/editions\/#\/schema\/logo\/image\/\"}}]}<\/script>\n<!-- \/ Yoast SEO plugin. -->","yoast_head_json":{"title":"Livre Visages d'eau - Autour du lac","description":"Autour du lac - Pr\u00e9sentation du livre Visages d'eau, photographies de Patrick Bidron, po\u00e8mes d'Anne le Pendu.","robots":{"index":"index","follow":"follow","max-snippet":"max-snippet:-1","max-image-preview":"max-image-preview:large","max-video-preview":"max-video-preview:-1"},"canonical":"https:\/\/autourdulac.com\/editions\/nos-livres\/livre-visages-deau\/","og_locale":"fr_FR","og_type":"article","og_title":"Autour du lac","og_description":"autourdulac.com","og_url":"https:\/\/autourdulac.com\/editions\/nos-livres\/livre-visages-deau\/","og_site_name":"Autour du lac","article_modified_time":"2021-12-12T03:56:05+00:00","og_image":[{"width":1920,"height":1272,"url":"https:\/\/autourdulac.com\/editions\/wp-content\/uploads\/2018\/01\/accueil.jpg","type":"image\/jpeg"}],"twitter_card":"summary_large_image","twitter_title":"Autour du lac","twitter_description":"autourdulac.com","twitter_image":"https:\/\/i0.wp.com\/autourdulac.com\/editions\/wp-content\/uploads\/2018\/01\/accueil.jpg?fit=1920%2C1272&ssl=1","twitter_misc":{"Dur\u00e9e de lecture estim\u00e9e":"2 minutes"},"schema":{"@context":"https:\/\/schema.org","@graph":[{"@type":["WebPage","ItemPage"],"@id":"https:\/\/autourdulac.com\/editions\/nos-livres\/livre-visages-deau\/","url":"https:\/\/autourdulac.com\/editions\/nos-livres\/livre-visages-deau\/","name":"Livre Visages d'eau - Autour du lac","isPartOf":{"@id":"https:\/\/autourdulac.com\/editions\/#website"},"datePublished":"2021-11-28T05:08:29+00:00","dateModified":"2021-12-12T03:56:05+00:00","description":"Autour du lac - Pr\u00e9sentation du livre Visages d'eau, photographies de Patrick Bidron, po\u00e8mes d'Anne le Pendu.","breadcrumb":{"@id":"https:\/\/autourdulac.com\/editions\/nos-livres\/livre-visages-deau\/#breadcrumb"},"inLanguage":"fr-FR","potentialAction":[{"@type":"ReadAction","target":["https:\/\/autourdulac.com\/editions\/nos-livres\/livre-visages-deau\/"]}]},{"@type":"BreadcrumbList","@id":"https:\/\/autourdulac.com\/editions\/nos-livres\/livre-visages-deau\/#breadcrumb","itemListElement":[{"@type":"ListItem","position":1,"name":"autourdulac","item":"https:\/\/autourdulac.com\/editions\/"},{"@type":"ListItem","position":2,"name":"D\u00e9couvrez nos livres","item":"https:\/\/autourdulac.com\/editions\/nos-livres\/"},{"@type":"ListItem","position":3,"name":"Livre Visages d&rsquo;eau"}]},{"@type":"WebSite","@id":"https:\/\/autourdulac.com\/editions\/#website","url":"https:\/\/autourdulac.com\/editions\/","name":"Autour du lac","description":"","publisher":{"@id":"https:\/\/autourdulac.com\/editions\/#organization"},"potentialAction":[{"@type":"SearchAction","target":{"@type":"EntryPoint","urlTemplate":"https:\/\/autourdulac.com\/editions\/?s={search_term_string}"},"query-input":"required name=search_term_string"}],"inLanguage":"fr-FR"},{"@type":"Organization","@id":"https:\/\/autourdulac.com\/editions\/#organization","name":"autourdulac.com","url":"https:\/\/autourdulac.com\/editions\/","logo":{"@type":"ImageObject","inLanguage":"fr-FR","@id":"https:\/\/autourdulac.com\/editions\/#\/schema\/logo\/image\/","url":"https:\/\/i1.wp.com\/autourdulac.com\/editions\/wp-content\/uploads\/2018\/01\/icone.gif?fit=80%2C150&ssl=1","contentUrl":"https:\/\/i1.wp.com\/autourdulac.com\/editions\/wp-content\/uploads\/2018\/01\/icone.gif?fit=80%2C150&ssl=1","width":80,"height":150,"caption":"autourdulac.com"},"image":{"@id":"https:\/\/autourdulac.com\/editions\/#\/schema\/logo\/image\/"}}]}},"jetpack_sharing_enabled":true,"jetpack_shortlink":"https:\/\/wp.me\/P9wg8J-cc","_links":{"self":[{"href":"https:\/\/autourdulac.com\/editions\/wp-json\/wp\/v2\/pages\/756"}],"collection":[{"href":"https:\/\/autourdulac.com\/editions\/wp-json\/wp\/v2\/pages"}],"about":[{"href":"https:\/\/autourdulac.com\/editions\/wp-json\/wp\/v2\/types\/page"}],"author":[{"embeddable":true,"href":"https:\/\/autourdulac.com\/editions\/wp-json\/wp\/v2\/users\/4"}],"replies":[{"embeddable":true,"href":"https:\/\/autourdulac.com\/editions\/wp-json\/wp\/v2\/comments?post=756"}],"version-history":[{"count":2,"href":"https:\/\/autourdulac.com\/editions\/wp-json\/wp\/v2\/pages\/756\/revisions"}],"predecessor-version":[{"id":1064,"href":"https:\/\/autourdulac.com\/editions\/wp-json\/wp\/v2\/pages\/756\/revisions\/1064"}],"up":[{"embeddable":true,"href":"https:\/\/autourdulac.com\/editions\/wp-json\/wp\/v2\/pages\/731"}],"wp:attachment":[{"href":"https:\/\/autourdulac.com\/editions\/wp-json\/wp\/v2\/media?parent=756"}],"curies":[{"name":"wp","href":"https:\/\/api.w.org\/{rel}","templated":true}]}}