{"id":731,"date":"2021-11-27T09:07:08","date_gmt":"2021-11-27T08:07:08","guid":{"rendered":"https:\/\/autourdulac.com\/editions\/?page_id=731"},"modified":"2021-12-11T09:29:57","modified_gmt":"2021-12-11T08:29:57","slug":"nos-livres","status":"publish","type":"page","link":"https:\/\/autourdulac.com\/editions\/nos-livres\/","title":{"rendered":"D\u00e9couvrez nos livres"},"content":{"rendered":"\n<div class=\"wp-block-buttons alignfull is-content-justification-center is-layout-flex\"><\/div>\n\n\n\n<h2 class=\"wp-block-heading\"><\/h2>\n\n\n\n<div class=\"wp-block-columns is-layout-flex wp-container-4\">\n<div class=\"wp-block-column is-layout-flow\" style=\"flex-basis:66.66%\">\n<h1 class=\"wp-block-heading\">Terre de partage<\/h1>\n\n\n\n<h3 class=\"wp-block-heading\">Accueillir a la campagne<\/h3>\n\n\n\n<p>Trois regards, ceux d\u2019une femme photographe et de deux hommes sociologues, ont produit neuf portraits en images et en mots mettant en sc\u00e8ne neuf histoires. Les portraits de ces hommes et de ces femmes, dont on ne parle pas dans les catalogues de publicit\u00e9 de l\u2019agro-business-vacancier, sont des pionniers d\u2019un autre monde ou la rencontre, le bien vivre, le manger sain et l\u2019apprentissage de la nature sont essentiels. <a href=\"https:\/\/autourdulac.com\/editions\/terre-de-partage\/\">Lire la suite&#8230;<\/a><\/p>\n<\/div>\n\n\n\n<div class=\"wp-block-column is-layout-flow\" style=\"flex-basis:33.33%\">\n<figure class=\"wp-block-image size-full\"><a href=\"https:\/\/autourdulac.com\/editions\/terre-de-partage\/\"><img decoding=\"async\" loading=\"lazy\" width=\"542\" height=\"550\" src=\"https:\/\/i0.wp.com\/autourdulac.com\/editions\/wp-content\/uploads\/2018\/01\/TDP1ere.jpg?resize=542%2C550&#038;ssl=1\" alt=\"Terre de partage\" class=\"wp-image-328\" srcset=\"https:\/\/i0.wp.com\/autourdulac.com\/editions\/wp-content\/uploads\/2018\/01\/TDP1ere.jpg?w=542&amp;ssl=1 542w, https:\/\/i0.wp.com\/autourdulac.com\/editions\/wp-content\/uploads\/2018\/01\/TDP1ere.jpg?resize=296%2C300&amp;ssl=1 296w, https:\/\/i0.wp.com\/autourdulac.com\/editions\/wp-content\/uploads\/2018\/01\/TDP1ere.jpg?resize=100%2C100&amp;ssl=1 100w\" sizes=\"(max-width: 542px) 100vw, 542px\" data-recalc-dims=\"1\" \/><\/a><\/figure>\n<\/div>\n<\/div>\n\n\n\n<div class=\"wp-block-columns is-layout-flex wp-container-7\">\n<div class=\"wp-block-column is-layout-flow\" style=\"flex-basis:33.33%\">\n<figure class=\"wp-block-image size-full is-resized\"><a href=\"https:\/\/autourdulac.com\/editions\/livre-presences-discretes\/\"><img decoding=\"async\" loading=\"lazy\" src=\"https:\/\/i0.wp.com\/autourdulac.com\/editions\/wp-content\/uploads\/2018\/01\/couverture-1.jpg?resize=292%2C244&#038;ssl=1\" alt=\"Pr\u00e9sences discr\u00e8tes\" class=\"wp-image-112\" width=\"292\" height=\"244\" data-recalc-dims=\"1\" \/><\/a><\/figure>\n<\/div>\n\n\n\n<div class=\"wp-block-column is-layout-flow\" style=\"flex-basis:66.66%\">\n<h1 class=\"wp-block-heading\">Pr\u00e9sences discr\u00e8tes<\/h1>\n\n\n\n<h3 class=\"wp-block-heading\">Le petit peuple des sylves et des campagnes<\/h3>\n\n\n\n<p>Laissez vous prendre au jeu et donnez libre cours a votre imagination en parcourant ce livre. Vous y trouverez mati\u00e8re a r\u00e9flexion et puiserez en vous un ressenti peut \u00eatre jamais exprim\u00e9 en sillonnant ces campagnes et ces bois. Une approche diff\u00e9rente est a votre port\u00e9e.  <a href=\"https:\/\/autourdulac.com\/editions\/livre-presences-discretes\/\">Lire la suite&#8230;<\/a> <\/p>\n<\/div>\n<\/div>\n\n\n\n<div class=\"wp-block-columns is-layout-flex wp-container-10\">\n<div class=\"wp-block-column is-layout-flow\" style=\"flex-basis:66.66%\">\n<h1 class=\"wp-block-heading\">Visages d\u2019eau<\/h1>\n\n\n\n<p>Ce livre vous transporte au fil des pages vers une lecture \u00e9tonnante des photographies de Patrick Bidron. Sous ces belles images se cachent des personnages ou des formes qui, une fois le regard bien aiguis\u00e9, ne peuvent plus nous \u00e9chapper ! Les magnifiques po\u00e8mes d\u2019Anne le Pendu viennent bercer notre balade par leur douceur et leur justesse. <a href=\"https:\/\/autourdulac.com\/editions\/livre-visages-deau\/\">Lire la suite&#8230;<\/a><\/p>\n<\/div>\n\n\n\n<div class=\"wp-block-column is-layout-flow\" style=\"flex-basis:33.33%\">\n<figure class=\"wp-block-image size-full\"><a href=\"https:\/\/autourdulac.com\/editions\/livre-visages-deau\/\"><img decoding=\"async\" loading=\"lazy\" width=\"640\" height=\"527\" src=\"https:\/\/i0.wp.com\/autourdulac.com\/editions\/wp-content\/uploads\/2018\/01\/VE1ere-e1515820799579.jpg?resize=640%2C527&#038;ssl=1\" alt=\"Visage d'eau\" class=\"wp-image-291\" srcset=\"https:\/\/i0.wp.com\/autourdulac.com\/editions\/wp-content\/uploads\/2018\/01\/VE1ere-e1515820799579.jpg?w=640&amp;ssl=1 640w, https:\/\/i0.wp.com\/autourdulac.com\/editions\/wp-content\/uploads\/2018\/01\/VE1ere-e1515820799579.jpg?resize=300%2C247&amp;ssl=1 300w\" sizes=\"(max-width: 640px) 100vw, 640px\" data-recalc-dims=\"1\" \/><\/a><\/figure>\n<\/div>\n<\/div>\n\n\n\n<h2 class=\"wp-block-heading\">Nous distribuons aussi<\/h2>\n\n\n\n<div class=\"wp-block-columns is-layout-flex wp-container-13\">\n<div class=\"wp-block-column is-layout-flow\" style=\"flex-basis:33.33%\">\n<figure class=\"wp-block-image size-full is-resized\"><a href=\"https:\/\/autourdulac.com\/editions\/livre-chez-marie\/\"><img decoding=\"async\" loading=\"lazy\" src=\"https:\/\/i0.wp.com\/autourdulac.com\/editions\/wp-content\/uploads\/2018\/01\/CMcouv.jpg?resize=294%2C252&#038;ssl=1\" alt=\"Chez Marie\" class=\"wp-image-135\" width=\"294\" height=\"252\" data-recalc-dims=\"1\" \/><\/a><\/figure>\n<\/div>\n\n\n\n<div class=\"wp-block-column is-layout-flow\" style=\"flex-basis:66.66%\">\n<h1 class=\"wp-block-heading\">Chez Marie<\/h1>\n\n\n\n<h3 class=\"wp-block-heading\">Le petit commerce rural en Haute-Bretagne<\/h3>\n\n\n\n<p>Une centaine de photographies de Johannes Von Saurma, accompagn\u00e9es d&rsquo;un texte de Gaby Marcon, conservateur de l&rsquo;Ecomus\u00e9e du Pays de Montfort, vous proposent une d\u00e9couverte des petits commerces de village, lieux pleins de chaleur et charg\u00e9s de m\u00e9moire.  <a href=\"https:\/\/autourdulac.com\/editions\/livre-chez-marie\/\">Lire la suite&#8230;<\/a> <\/p>\n\n\n\n<p><strong>Chez Marie<\/strong> est \u00e9dit\u00e9 par <strong>Rue des Scribes<\/strong>. <a href=\"http:\/\/www.rue-des-scribes.com\/\" target=\"_blank\" rel=\"noreferrer noopener\">Visiter leur site<\/a><\/p>\n<\/div>\n<\/div>\n\n\n\n<div class=\"wp-block-columns is-layout-flex wp-container-16\">\n<div class=\"wp-block-column is-layout-flow\" style=\"flex-basis:66.66%\">\n<h1 class=\"wp-block-heading\">Marie du Lou<\/h1>\n\n\n\n<h3 class=\"wp-block-heading\">M\u00e9moire d&rsquo;un ch\u00e2teau du peuple<\/h3>\n\n\n\n<p>M\u00e9moires individuelles, m\u00e9moire collective, ce livre d\u00e9di\u00e9 a Marie Berthier a l&rsquo;occasion de ses quatre-vingt-dix printemps recueille des moments v\u00e9cus au ch\u00e2teau du Lou-du-Lac par des femmes et des hommes d&rsquo;\u00e2ges et de conditions sociales divers, photographi\u00e9s en noir et blanc. <a href=\"https:\/\/autourdulac.com\/editions\/livre-marie-du-lou\/\">Lire la suite&#8230;<\/a><\/p>\n\n\n\n<p><strong>Marie du Lou<\/strong> est \u00e9dit\u00e9 par l&rsquo;association <strong>Chez Marie<\/strong>. <a href=\"http:\/\/chezmariedulou.fr\/\" target=\"_blank\" rel=\"noreferrer noopener\">Visiter leur site<\/a><\/p>\n<\/div>\n\n\n\n<div class=\"wp-block-column is-layout-flow\" style=\"flex-basis:33.33%\">\n<figure class=\"wp-block-image size-large is-resized\"><a href=\"https:\/\/autourdulac.com\/editions\/livre-marie-du-lou\/\"><img decoding=\"async\" loading=\"lazy\" src=\"https:\/\/i0.wp.com\/autourdulac.com\/editions\/wp-content\/uploads\/2018\/01\/couv-marie-du-lou.jpg?resize=292%2C256&#038;ssl=1\" alt=\"Marie du Lou\" class=\"wp-image-134\" width=\"292\" height=\"256\" srcset=\"https:\/\/i0.wp.com\/autourdulac.com\/editions\/wp-content\/uploads\/2018\/01\/couv-marie-du-lou.jpg?resize=1024%2C901&amp;ssl=1 1024w, https:\/\/i0.wp.com\/autourdulac.com\/editions\/wp-content\/uploads\/2018\/01\/couv-marie-du-lou.jpg?resize=300%2C264&amp;ssl=1 300w, https:\/\/i0.wp.com\/autourdulac.com\/editions\/wp-content\/uploads\/2018\/01\/couv-marie-du-lou.jpg?resize=768%2C676&amp;ssl=1 768w, https:\/\/i0.wp.com\/autourdulac.com\/editions\/wp-content\/uploads\/2018\/01\/couv-marie-du-lou.jpg?w=1088&amp;ssl=1 1088w\" sizes=\"(max-width: 292px) 100vw, 292px\" data-recalc-dims=\"1\" \/><\/a><\/figure>\n<\/div>\n<\/div>\n\n\n\n<div class=\"wp-block-buttons is-content-justification-center is-layout-flex\">\n<div class=\"wp-block-button\"><a class=\"wp-block-button__link has-ast-global-color-3-color has-text-color\" href=\"https:\/\/autourdulac.com\/editions\/commander-livres\/\">O\u00f9 trouver nos livres ?<\/a><\/div>\n<\/div>\n","protected":false},"excerpt":{"rendered":"<p>Terre de partage Accueillir a la campagne Trois regards, ceux d\u2019une femme photographe et de deux hommes sociologues, ont produit neuf portraits en images et en mots mettant en sc\u00e8ne neuf histoires. Les portraits de ces hommes et de ces femmes, dont on ne parle pas dans les catalogues de publicit\u00e9 de l\u2019agro-business-vacancier, sont des [&hellip;]<\/p>\n","protected":false},"author":4,"featured_media":0,"parent":0,"menu_order":1,"comment_status":"closed","ping_status":"closed","template":"","meta":{"site-sidebar-layout":"default","site-content-layout":"","ast-site-content-layout":"default","site-content-style":"default","site-sidebar-style":"default","ast-global-header-display":"","ast-banner-title-visibility":"","ast-main-header-display":"","ast-hfb-above-header-display":"","ast-hfb-below-header-display":"","ast-hfb-mobile-header-display":"","site-post-title":"","ast-breadcrumbs-content":"","ast-featured-img":"","footer-sml-layout":"","ast-disable-related-posts":"","theme-transparent-header-meta":"","adv-header-id-meta":"","stick-header-meta":"","header-above-stick-meta":"","header-main-stick-meta":"","header-below-stick-meta":"","astra-migrate-meta-layouts":"default","ast-page-background-enabled":"default","ast-page-background-meta":{"desktop":{"background-color":"var(--ast-global-color-4)","background-image":"","background-repeat":"repeat","background-position":"center center","background-size":"auto","background-attachment":"scroll","background-type":"","background-media":"","overlay-type":"","overlay-color":"","overlay-opacity":"","overlay-gradient":""},"tablet":{"background-color":"","background-image":"","background-repeat":"repeat","background-position":"center center","background-size":"auto","background-attachment":"scroll","background-type":"","background-media":"","overlay-type":"","overlay-color":"","overlay-opacity":"","overlay-gradient":""},"mobile":{"background-color":"","background-image":"","background-repeat":"repeat","background-position":"center center","background-size":"auto","background-attachment":"scroll","background-type":"","background-media":"","overlay-type":"","overlay-color":"","overlay-opacity":"","overlay-gradient":""}},"ast-content-background-meta":{"desktop":{"background-color":"var(--ast-global-color-5)","background-image":"","background-repeat":"repeat","background-position":"center center","background-size":"auto","background-attachment":"scroll","background-type":"","background-media":"","overlay-type":"","overlay-color":"","overlay-opacity":"","overlay-gradient":""},"tablet":{"background-color":"var(--ast-global-color-5)","background-image":"","background-repeat":"repeat","background-position":"center center","background-size":"auto","background-attachment":"scroll","background-type":"","background-media":"","overlay-type":"","overlay-color":"","overlay-opacity":"","overlay-gradient":""},"mobile":{"background-color":"var(--ast-global-color-5)","background-image":"","background-repeat":"repeat","background-position":"center center","background-size":"auto","background-attachment":"scroll","background-type":"","background-media":"","overlay-type":"","overlay-color":"","overlay-opacity":"","overlay-gradient":""}},"jetpack_post_was_ever_published":false},"yoast_head":"<!-- This site is optimized with the Yoast SEO plugin v21.8.1 - https:\/\/yoast.com\/wordpress\/plugins\/seo\/ -->\n<title>D\u00e9couvrez nos livres - Autour du lac<\/title>\n<meta name=\"description\" content=\"Autour du lac - D\u00e9couvrez tous les livres que nous \u00e9ditions et ceux que nous distribuons.\" \/>\n<meta name=\"robots\" content=\"index, follow, max-snippet:-1, max-image-preview:large, max-video-preview:-1\" \/>\n<link rel=\"canonical\" href=\"https:\/\/autourdulac.com\/editions\/nos-livres\/\" \/>\n<meta property=\"og:locale\" content=\"fr_FR\" \/>\n<meta property=\"og:type\" content=\"article\" \/>\n<meta property=\"og:title\" content=\"Autour du lac\" \/>\n<meta property=\"og:description\" content=\"autourdulac.com\" \/>\n<meta property=\"og:url\" content=\"https:\/\/autourdulac.com\/editions\/nos-livres\/\" \/>\n<meta property=\"og:site_name\" content=\"Autour du lac\" \/>\n<meta property=\"article:modified_time\" content=\"2021-12-11T08:29:57+00:00\" \/>\n<meta property=\"og:image\" content=\"https:\/\/autourdulac.com\/editions\/wp-content\/uploads\/2018\/01\/accueil.jpg\" \/>\n\t<meta property=\"og:image:width\" content=\"1920\" \/>\n\t<meta property=\"og:image:height\" content=\"1272\" \/>\n\t<meta property=\"og:image:type\" content=\"image\/jpeg\" \/>\n<meta name=\"twitter:card\" content=\"summary_large_image\" \/>\n<meta name=\"twitter:title\" content=\"Autour du lac\" \/>\n<meta name=\"twitter:description\" content=\"autourdulac.com\" \/>\n<meta name=\"twitter:image\" content=\"https:\/\/i0.wp.com\/autourdulac.com\/editions\/wp-content\/uploads\/2018\/01\/accueil.jpg?fit=1920%2C1272&ssl=1\" \/>\n<meta name=\"twitter:label1\" content=\"Dur\u00e9e de lecture estim\u00e9e\" \/>\n\t<meta name=\"twitter:data1\" content=\"3 minutes\" \/>\n<script type=\"application\/ld+json\" class=\"yoast-schema-graph\">{\"@context\":\"https:\/\/schema.org\",\"@graph\":[{\"@type\":[\"WebPage\",\"CollectionPage\"],\"@id\":\"https:\/\/autourdulac.com\/editions\/nos-livres\/\",\"url\":\"https:\/\/autourdulac.com\/editions\/nos-livres\/\",\"name\":\"D\u00e9couvrez nos livres - Autour du lac\",\"isPartOf\":{\"@id\":\"https:\/\/autourdulac.com\/editions\/#website\"},\"datePublished\":\"2021-11-27T08:07:08+00:00\",\"dateModified\":\"2021-12-11T08:29:57+00:00\",\"description\":\"Autour du lac - D\u00e9couvrez tous les livres que nous \u00e9ditions et ceux que nous distribuons.\",\"breadcrumb\":{\"@id\":\"https:\/\/autourdulac.com\/editions\/nos-livres\/#breadcrumb\"},\"inLanguage\":\"fr-FR\"},{\"@type\":\"BreadcrumbList\",\"@id\":\"https:\/\/autourdulac.com\/editions\/nos-livres\/#breadcrumb\",\"itemListElement\":[{\"@type\":\"ListItem\",\"position\":1,\"name\":\"autourdulac\",\"item\":\"https:\/\/autourdulac.com\/editions\/\"},{\"@type\":\"ListItem\",\"position\":2,\"name\":\"D\u00e9couvrez nos livres\"}]},{\"@type\":\"WebSite\",\"@id\":\"https:\/\/autourdulac.com\/editions\/#website\",\"url\":\"https:\/\/autourdulac.com\/editions\/\",\"name\":\"Autour du lac\",\"description\":\"\",\"publisher\":{\"@id\":\"https:\/\/autourdulac.com\/editions\/#organization\"},\"potentialAction\":[{\"@type\":\"SearchAction\",\"target\":{\"@type\":\"EntryPoint\",\"urlTemplate\":\"https:\/\/autourdulac.com\/editions\/?s={search_term_string}\"},\"query-input\":\"required name=search_term_string\"}],\"inLanguage\":\"fr-FR\"},{\"@type\":\"Organization\",\"@id\":\"https:\/\/autourdulac.com\/editions\/#organization\",\"name\":\"autourdulac.com\",\"url\":\"https:\/\/autourdulac.com\/editions\/\",\"logo\":{\"@type\":\"ImageObject\",\"inLanguage\":\"fr-FR\",\"@id\":\"https:\/\/autourdulac.com\/editions\/#\/schema\/logo\/image\/\",\"url\":\"https:\/\/i1.wp.com\/autourdulac.com\/editions\/wp-content\/uploads\/2018\/01\/icone.gif?fit=80%2C150&ssl=1\",\"contentUrl\":\"https:\/\/i1.wp.com\/autourdulac.com\/editions\/wp-content\/uploads\/2018\/01\/icone.gif?fit=80%2C150&ssl=1\",\"width\":80,\"height\":150,\"caption\":\"autourdulac.com\"},\"image\":{\"@id\":\"https:\/\/autourdulac.com\/editions\/#\/schema\/logo\/image\/\"}}]}<\/script>\n<!-- \/ Yoast SEO plugin. -->","yoast_head_json":{"title":"D\u00e9couvrez nos livres - Autour du lac","description":"Autour du lac - D\u00e9couvrez tous les livres que nous \u00e9ditions et ceux que nous distribuons.","robots":{"index":"index","follow":"follow","max-snippet":"max-snippet:-1","max-image-preview":"max-image-preview:large","max-video-preview":"max-video-preview:-1"},"canonical":"https:\/\/autourdulac.com\/editions\/nos-livres\/","og_locale":"fr_FR","og_type":"article","og_title":"Autour du lac","og_description":"autourdulac.com","og_url":"https:\/\/autourdulac.com\/editions\/nos-livres\/","og_site_name":"Autour du lac","article_modified_time":"2021-12-11T08:29:57+00:00","og_image":[{"width":1920,"height":1272,"url":"https:\/\/autourdulac.com\/editions\/wp-content\/uploads\/2018\/01\/accueil.jpg","type":"image\/jpeg"}],"twitter_card":"summary_large_image","twitter_title":"Autour du lac","twitter_description":"autourdulac.com","twitter_image":"https:\/\/i0.wp.com\/autourdulac.com\/editions\/wp-content\/uploads\/2018\/01\/accueil.jpg?fit=1920%2C1272&ssl=1","twitter_misc":{"Dur\u00e9e de lecture estim\u00e9e":"3 minutes"},"schema":{"@context":"https:\/\/schema.org","@graph":[{"@type":["WebPage","CollectionPage"],"@id":"https:\/\/autourdulac.com\/editions\/nos-livres\/","url":"https:\/\/autourdulac.com\/editions\/nos-livres\/","name":"D\u00e9couvrez nos livres - Autour du lac","isPartOf":{"@id":"https:\/\/autourdulac.com\/editions\/#website"},"datePublished":"2021-11-27T08:07:08+00:00","dateModified":"2021-12-11T08:29:57+00:00","description":"Autour du lac - D\u00e9couvrez tous les livres que nous \u00e9ditions et ceux que nous distribuons.","breadcrumb":{"@id":"https:\/\/autourdulac.com\/editions\/nos-livres\/#breadcrumb"},"inLanguage":"fr-FR"},{"@type":"BreadcrumbList","@id":"https:\/\/autourdulac.com\/editions\/nos-livres\/#breadcrumb","itemListElement":[{"@type":"ListItem","position":1,"name":"autourdulac","item":"https:\/\/autourdulac.com\/editions\/"},{"@type":"ListItem","position":2,"name":"D\u00e9couvrez nos livres"}]},{"@type":"WebSite","@id":"https:\/\/autourdulac.com\/editions\/#website","url":"https:\/\/autourdulac.com\/editions\/","name":"Autour du lac","description":"","publisher":{"@id":"https:\/\/autourdulac.com\/editions\/#organization"},"potentialAction":[{"@type":"SearchAction","target":{"@type":"EntryPoint","urlTemplate":"https:\/\/autourdulac.com\/editions\/?s={search_term_string}"},"query-input":"required name=search_term_string"}],"inLanguage":"fr-FR"},{"@type":"Organization","@id":"https:\/\/autourdulac.com\/editions\/#organization","name":"autourdulac.com","url":"https:\/\/autourdulac.com\/editions\/","logo":{"@type":"ImageObject","inLanguage":"fr-FR","@id":"https:\/\/autourdulac.com\/editions\/#\/schema\/logo\/image\/","url":"https:\/\/i1.wp.com\/autourdulac.com\/editions\/wp-content\/uploads\/2018\/01\/icone.gif?fit=80%2C150&ssl=1","contentUrl":"https:\/\/i1.wp.com\/autourdulac.com\/editions\/wp-content\/uploads\/2018\/01\/icone.gif?fit=80%2C150&ssl=1","width":80,"height":150,"caption":"autourdulac.com"},"image":{"@id":"https:\/\/autourdulac.com\/editions\/#\/schema\/logo\/image\/"}}]}},"jetpack_sharing_enabled":true,"jetpack_shortlink":"https:\/\/wp.me\/P9wg8J-bN","_links":{"self":[{"href":"https:\/\/autourdulac.com\/editions\/wp-json\/wp\/v2\/pages\/731"}],"collection":[{"href":"https:\/\/autourdulac.com\/editions\/wp-json\/wp\/v2\/pages"}],"about":[{"href":"https:\/\/autourdulac.com\/editions\/wp-json\/wp\/v2\/types\/page"}],"author":[{"embeddable":true,"href":"https:\/\/autourdulac.com\/editions\/wp-json\/wp\/v2\/users\/4"}],"replies":[{"embeddable":true,"href":"https:\/\/autourdulac.com\/editions\/wp-json\/wp\/v2\/comments?post=731"}],"version-history":[{"count":2,"href":"https:\/\/autourdulac.com\/editions\/wp-json\/wp\/v2\/pages\/731\/revisions"}],"predecessor-version":[{"id":1058,"href":"https:\/\/autourdulac.com\/editions\/wp-json\/wp\/v2\/pages\/731\/revisions\/1058"}],"wp:attachment":[{"href":"https:\/\/autourdulac.com\/editions\/wp-json\/wp\/v2\/media?parent=731"}],"curies":[{"name":"wp","href":"https:\/\/api.w.org\/{rel}","templated":true}]}}