{"id":701,"date":"2021-11-27T08:01:53","date_gmt":"2021-11-27T07:01:53","guid":{"rendered":"https:\/\/autourdulac.com\/editions\/?page_id=701"},"modified":"2021-12-13T14:35:02","modified_gmt":"2021-12-13T13:35:02","slug":"terre-de-partage","status":"publish","type":"page","link":"https:\/\/autourdulac.com\/editions\/nos-livres\/terre-de-partage\/","title":{"rendered":"Livre Terre de Partage"},"content":{"rendered":"\n<div class=\"wp-block-columns is-layout-flex wp-container-4\">\n<div class=\"wp-block-column is-layout-flow\">\n<h1 class=\"wp-block-heading\">Terre de partage<\/h1>\n\n\n\n<h2 class=\"wp-block-heading\">Accueillir a la campagne<\/h2>\n\n\n\n<p>Trois regards, ceux d&rsquo;une femme photographe et de deux hommes sociologues, ont produit neuf portraits en images et en mots mettant en sc\u00e8ne neuf histoires. Les portraits de ces hommes et de ces femmes, dont on ne parle pas dans les catalogues de publicit\u00e9 de l&rsquo;agro-business-vacancier, sont des pionniers d&rsquo;un autre monde ou la rencontre, le bien vivre, le manger sain et l&rsquo;apprentissage de la nature sont essentiels.<\/p>\n\n\n\n<p>Ces histoires ne sont pas des contes. Au travers de leur parcours d&rsquo;installation, nous d\u00e9couvrons les difficult\u00e9s rencontr\u00e9es et les doutes, mais surtout les r\u00e9ussites qui ont men\u00e9 ces accueillants, acteurs ruraux et paysans, a concr\u00e9tiser des projets souvent innovants d&rsquo;accueil a la campagne. Dans une parole libre, ils d\u00e9crivent leur vision d&rsquo;un bien commun, ce monde agricole et rural qu&rsquo;ils aspirent a sauvegarder. Ils nous racontent leur attachement a la terre, a la nature, les conversions bio pour nombre d&rsquo;entre eux, ainsi que la richesse de l&rsquo;association <a href=\"https:\/\/www.accueil-paysan.com\/fr\/\" target=\"_blank\" rel=\"noreferrer noopener\">Accueil paysan<\/a> en Ille-et-Vilaine.<\/p>\n\n\n\n<p>Les photographies nous emm\u00e8nent dans une campagne vivante, montrant le dynamisme de ces activit\u00e9s&nbsp;: production de jus de pomme, accueil d&rsquo;enfants, balade en \u00e2ne, cuisine d&rsquo;herbes sauvages, gite et camping a la ferme, ferme auberge, ferme p\u00e9dagogique, maraichage en circuits courts, paysan boulanger, \u00e9levage ovin, porcin ou bovin biologiques,&#8230; Les trois auteurs n&rsquo;ont pas voulu poser un regard neutre et froid sur ce petit monde alternatif, appel\u00e9 a se d\u00e9velopper. Sans stigmatiser les agriculteurs conventionnels, les auteurs mettent en lumi\u00e8re ces accueillants, paysans et acteurs ruraux, choisissant ainsi de les soutenir. Avec eux ils ne veulent pas de terres mortes, ni la disparition des abeilles, des grenouilles ou du chant des oiseaux&#8230; Ils vous invitent a d\u00e9couvrir ces histoires d&rsquo;accueil a la campagne, avec la terre en partage&#8230;<\/p>\n<\/div>\n\n\n\n<div class=\"wp-block-column is-layout-flow\">\n<p><\/p>\n\n\n\n<figure class=\"wp-block-image size-full\"><img decoding=\"async\" loading=\"lazy\" width=\"542\" height=\"550\" src=\"https:\/\/i0.wp.com\/autourdulac.com\/editions\/wp-content\/uploads\/2018\/01\/TDP1ere.jpg?resize=542%2C550&#038;ssl=1\" alt=\"Terre de partage\" class=\"wp-image-328\" srcset=\"https:\/\/i0.wp.com\/autourdulac.com\/editions\/wp-content\/uploads\/2018\/01\/TDP1ere.jpg?w=542&amp;ssl=1 542w, https:\/\/i0.wp.com\/autourdulac.com\/editions\/wp-content\/uploads\/2018\/01\/TDP1ere.jpg?resize=296%2C300&amp;ssl=1 296w, https:\/\/i0.wp.com\/autourdulac.com\/editions\/wp-content\/uploads\/2018\/01\/TDP1ere.jpg?resize=100%2C100&amp;ssl=1 100w\" sizes=\"(max-width: 542px) 100vw, 542px\" data-recalc-dims=\"1\" \/><\/figure>\n\n\n\n<p class=\"has-text-align-center has-normal-font-size\">Livre broch\u00e9, couleur, 160 pages &#8211; 22cm x 22cm<\/p>\n\n\n\n<p class=\"has-text-align-center has-normal-font-size\">Imprim\u00e9 en Bretagne avec des encres v\u00e9g\u00e9tales<br>sur du papier 100 % PEFC<\/p>\n\n\n\n<p><strong><em>Auteurs<\/em><\/strong>&nbsp;: Jean-Marc Vanhoutte et Jean-Paul Ziegler<\/p>\n\n\n\n<p><strong><em>Edition et photographies <\/em><\/strong>: Chryst\u00e8le Gervais<\/p>\n\n\n\n<p><strong><em>ISBN<\/em><\/strong>&nbsp;: 979-10-94336-00-7<\/p>\n\n\n\n<p><strong><em>Parution<\/em><\/strong>&nbsp;: novembre 2014<\/p>\n\n\n\n<p><strong><em>Prix<\/em><\/strong>&nbsp;: 23,00\u20ac<\/p>\n\n\n\n<p class=\"has-text-align-center\"><\/p>\n\n\n\n<p> <\/p>\n\n\n\n<div class=\"wp-block-buttons is-content-justification-center is-layout-flex\">\n<div class=\"wp-block-button has-custom-font-size is-style-outline has-small-font-size\"><a class=\"wp-block-button__link has-ast-global-color-3-color has-text-color\" href=\"https:\/\/autourdulac.com\/editions\/nos-livres\/\" style=\"border-radius:10px\">Retourner au catalogue<\/a><\/div>\n<\/div>\n<\/div>\n<\/div>\n","protected":false},"excerpt":{"rendered":"<p>Terre de partage Accueillir a la campagne Trois regards, ceux d&rsquo;une femme photographe et de deux hommes sociologues, ont produit neuf portraits en images et en mots mettant en sc\u00e8ne neuf histoires. Les portraits de ces hommes et de ces femmes, dont on ne parle pas dans les catalogues de publicit\u00e9 de l&rsquo;agro-business-vacancier, sont des [&hellip;]<\/p>\n","protected":false},"author":4,"featured_media":0,"parent":731,"menu_order":1,"comment_status":"closed","ping_status":"closed","template":"","meta":{"site-sidebar-layout":"default","site-content-layout":"","ast-site-content-layout":"default","site-content-style":"default","site-sidebar-style":"default","ast-global-header-display":"","ast-banner-title-visibility":"","ast-main-header-display":"","ast-hfb-above-header-display":"","ast-hfb-below-header-display":"","ast-hfb-mobile-header-display":"","site-post-title":"","ast-breadcrumbs-content":"","ast-featured-img":"","footer-sml-layout":"","ast-disable-related-posts":"","theme-transparent-header-meta":"","adv-header-id-meta":"","stick-header-meta":"","header-above-stick-meta":"","header-main-stick-meta":"","header-below-stick-meta":"","astra-migrate-meta-layouts":"default","ast-page-background-enabled":"default","ast-page-background-meta":{"desktop":{"background-color":"var(--ast-global-color-4)","background-image":"","background-repeat":"repeat","background-position":"center center","background-size":"auto","background-attachment":"scroll","background-type":"","background-media":"","overlay-type":"","overlay-color":"","overlay-opacity":"","overlay-gradient":""},"tablet":{"background-color":"","background-image":"","background-repeat":"repeat","background-position":"center center","background-size":"auto","background-attachment":"scroll","background-type":"","background-media":"","overlay-type":"","overlay-color":"","overlay-opacity":"","overlay-gradient":""},"mobile":{"background-color":"","background-image":"","background-repeat":"repeat","background-position":"center center","background-size":"auto","background-attachment":"scroll","background-type":"","background-media":"","overlay-type":"","overlay-color":"","overlay-opacity":"","overlay-gradient":""}},"ast-content-background-meta":{"desktop":{"background-color":"var(--ast-global-color-5)","background-image":"","background-repeat":"repeat","background-position":"center center","background-size":"auto","background-attachment":"scroll","background-type":"","background-media":"","overlay-type":"","overlay-color":"","overlay-opacity":"","overlay-gradient":""},"tablet":{"background-color":"var(--ast-global-color-5)","background-image":"","background-repeat":"repeat","background-position":"center center","background-size":"auto","background-attachment":"scroll","background-type":"","background-media":"","overlay-type":"","overlay-color":"","overlay-opacity":"","overlay-gradient":""},"mobile":{"background-color":"var(--ast-global-color-5)","background-image":"","background-repeat":"repeat","background-position":"center center","background-size":"auto","background-attachment":"scroll","background-type":"","background-media":"","overlay-type":"","overlay-color":"","overlay-opacity":"","overlay-gradient":""}},"jetpack_post_was_ever_published":false},"yoast_head":"<!-- This site is optimized with the Yoast SEO plugin v21.8.1 - https:\/\/yoast.com\/wordpress\/plugins\/seo\/ -->\n<title>Livre Terre de Partage - Autour du lac<\/title>\n<meta name=\"description\" content=\"Autour du lac - Page de pr\u00e9sentation du livre Terre de Partage, Accueillir a la campagne\" \/>\n<meta name=\"robots\" content=\"index, follow, max-snippet:-1, max-image-preview:large, max-video-preview:-1\" \/>\n<link rel=\"canonical\" href=\"https:\/\/autourdulac.com\/editions\/nos-livres\/terre-de-partage\/\" \/>\n<meta property=\"og:locale\" content=\"fr_FR\" \/>\n<meta property=\"og:type\" content=\"article\" \/>\n<meta property=\"og:title\" content=\"Autour du lac\" \/>\n<meta property=\"og:description\" content=\"autourdulac.com\" \/>\n<meta property=\"og:url\" content=\"https:\/\/autourdulac.com\/editions\/nos-livres\/terre-de-partage\/\" \/>\n<meta property=\"og:site_name\" content=\"Autour du lac\" \/>\n<meta property=\"article:modified_time\" content=\"2021-12-13T13:35:02+00:00\" \/>\n<meta property=\"og:image\" content=\"https:\/\/autourdulac.com\/editions\/wp-content\/uploads\/2018\/01\/accueil.jpg\" \/>\n\t<meta property=\"og:image:width\" content=\"1920\" \/>\n\t<meta property=\"og:image:height\" content=\"1272\" \/>\n\t<meta property=\"og:image:type\" content=\"image\/jpeg\" \/>\n<meta name=\"twitter:card\" content=\"summary_large_image\" \/>\n<meta name=\"twitter:title\" content=\"Autour du lac\" \/>\n<meta name=\"twitter:description\" content=\"autourdulac.com\" \/>\n<meta name=\"twitter:image\" content=\"https:\/\/i0.wp.com\/autourdulac.com\/editions\/wp-content\/uploads\/2018\/01\/accueil.jpg?fit=1920%2C1272&ssl=1\" \/>\n<meta name=\"twitter:label1\" content=\"Dur\u00e9e de lecture estim\u00e9e\" \/>\n\t<meta name=\"twitter:data1\" content=\"2 minutes\" \/>\n<script type=\"application\/ld+json\" class=\"yoast-schema-graph\">{\"@context\":\"https:\/\/schema.org\",\"@graph\":[{\"@type\":[\"WebPage\",\"ItemPage\"],\"@id\":\"https:\/\/autourdulac.com\/editions\/nos-livres\/terre-de-partage\/\",\"url\":\"https:\/\/autourdulac.com\/editions\/nos-livres\/terre-de-partage\/\",\"name\":\"Livre Terre de Partage - Autour du lac\",\"isPartOf\":{\"@id\":\"https:\/\/autourdulac.com\/editions\/#website\"},\"datePublished\":\"2021-11-27T07:01:53+00:00\",\"dateModified\":\"2021-12-13T13:35:02+00:00\",\"description\":\"Autour du lac - Page de pr\u00e9sentation du livre Terre de Partage, Accueillir a la campagne\",\"breadcrumb\":{\"@id\":\"https:\/\/autourdulac.com\/editions\/nos-livres\/terre-de-partage\/#breadcrumb\"},\"inLanguage\":\"fr-FR\",\"potentialAction\":[{\"@type\":\"ReadAction\",\"target\":[\"https:\/\/autourdulac.com\/editions\/nos-livres\/terre-de-partage\/\"]}]},{\"@type\":\"BreadcrumbList\",\"@id\":\"https:\/\/autourdulac.com\/editions\/nos-livres\/terre-de-partage\/#breadcrumb\",\"itemListElement\":[{\"@type\":\"ListItem\",\"position\":1,\"name\":\"autourdulac\",\"item\":\"https:\/\/autourdulac.com\/editions\/\"},{\"@type\":\"ListItem\",\"position\":2,\"name\":\"D\u00e9couvrez nos livres\",\"item\":\"https:\/\/autourdulac.com\/editions\/nos-livres\/\"},{\"@type\":\"ListItem\",\"position\":3,\"name\":\"Livre Terre de Partage\"}]},{\"@type\":\"WebSite\",\"@id\":\"https:\/\/autourdulac.com\/editions\/#website\",\"url\":\"https:\/\/autourdulac.com\/editions\/\",\"name\":\"Autour du lac\",\"description\":\"\",\"publisher\":{\"@id\":\"https:\/\/autourdulac.com\/editions\/#organization\"},\"potentialAction\":[{\"@type\":\"SearchAction\",\"target\":{\"@type\":\"EntryPoint\",\"urlTemplate\":\"https:\/\/autourdulac.com\/editions\/?s={search_term_string}\"},\"query-input\":\"required name=search_term_string\"}],\"inLanguage\":\"fr-FR\"},{\"@type\":\"Organization\",\"@id\":\"https:\/\/autourdulac.com\/editions\/#organization\",\"name\":\"autourdulac.com\",\"url\":\"https:\/\/autourdulac.com\/editions\/\",\"logo\":{\"@type\":\"ImageObject\",\"inLanguage\":\"fr-FR\",\"@id\":\"https:\/\/autourdulac.com\/editions\/#\/schema\/logo\/image\/\",\"url\":\"https:\/\/i1.wp.com\/autourdulac.com\/editions\/wp-content\/uploads\/2018\/01\/icone.gif?fit=80%2C150&ssl=1\",\"contentUrl\":\"https:\/\/i1.wp.com\/autourdulac.com\/editions\/wp-content\/uploads\/2018\/01\/icone.gif?fit=80%2C150&ssl=1\",\"width\":80,\"height\":150,\"caption\":\"autourdulac.com\"},\"image\":{\"@id\":\"https:\/\/autourdulac.com\/editions\/#\/schema\/logo\/image\/\"}}]}<\/script>\n<!-- \/ Yoast SEO plugin. -->","yoast_head_json":{"title":"Livre Terre de Partage - Autour du lac","description":"Autour du lac - Page de pr\u00e9sentation du livre Terre de Partage, Accueillir a la campagne","robots":{"index":"index","follow":"follow","max-snippet":"max-snippet:-1","max-image-preview":"max-image-preview:large","max-video-preview":"max-video-preview:-1"},"canonical":"https:\/\/autourdulac.com\/editions\/nos-livres\/terre-de-partage\/","og_locale":"fr_FR","og_type":"article","og_title":"Autour du lac","og_description":"autourdulac.com","og_url":"https:\/\/autourdulac.com\/editions\/nos-livres\/terre-de-partage\/","og_site_name":"Autour du lac","article_modified_time":"2021-12-13T13:35:02+00:00","og_image":[{"width":1920,"height":1272,"url":"https:\/\/autourdulac.com\/editions\/wp-content\/uploads\/2018\/01\/accueil.jpg","type":"image\/jpeg"}],"twitter_card":"summary_large_image","twitter_title":"Autour du lac","twitter_description":"autourdulac.com","twitter_image":"https:\/\/i0.wp.com\/autourdulac.com\/editions\/wp-content\/uploads\/2018\/01\/accueil.jpg?fit=1920%2C1272&ssl=1","twitter_misc":{"Dur\u00e9e de lecture estim\u00e9e":"2 minutes"},"schema":{"@context":"https:\/\/schema.org","@graph":[{"@type":["WebPage","ItemPage"],"@id":"https:\/\/autourdulac.com\/editions\/nos-livres\/terre-de-partage\/","url":"https:\/\/autourdulac.com\/editions\/nos-livres\/terre-de-partage\/","name":"Livre Terre de Partage - Autour du lac","isPartOf":{"@id":"https:\/\/autourdulac.com\/editions\/#website"},"datePublished":"2021-11-27T07:01:53+00:00","dateModified":"2021-12-13T13:35:02+00:00","description":"Autour du lac - Page de pr\u00e9sentation du livre Terre de Partage, Accueillir a la campagne","breadcrumb":{"@id":"https:\/\/autourdulac.com\/editions\/nos-livres\/terre-de-partage\/#breadcrumb"},"inLanguage":"fr-FR","potentialAction":[{"@type":"ReadAction","target":["https:\/\/autourdulac.com\/editions\/nos-livres\/terre-de-partage\/"]}]},{"@type":"BreadcrumbList","@id":"https:\/\/autourdulac.com\/editions\/nos-livres\/terre-de-partage\/#breadcrumb","itemListElement":[{"@type":"ListItem","position":1,"name":"autourdulac","item":"https:\/\/autourdulac.com\/editions\/"},{"@type":"ListItem","position":2,"name":"D\u00e9couvrez nos livres","item":"https:\/\/autourdulac.com\/editions\/nos-livres\/"},{"@type":"ListItem","position":3,"name":"Livre Terre de Partage"}]},{"@type":"WebSite","@id":"https:\/\/autourdulac.com\/editions\/#website","url":"https:\/\/autourdulac.com\/editions\/","name":"Autour du lac","description":"","publisher":{"@id":"https:\/\/autourdulac.com\/editions\/#organization"},"potentialAction":[{"@type":"SearchAction","target":{"@type":"EntryPoint","urlTemplate":"https:\/\/autourdulac.com\/editions\/?s={search_term_string}"},"query-input":"required name=search_term_string"}],"inLanguage":"fr-FR"},{"@type":"Organization","@id":"https:\/\/autourdulac.com\/editions\/#organization","name":"autourdulac.com","url":"https:\/\/autourdulac.com\/editions\/","logo":{"@type":"ImageObject","inLanguage":"fr-FR","@id":"https:\/\/autourdulac.com\/editions\/#\/schema\/logo\/image\/","url":"https:\/\/i1.wp.com\/autourdulac.com\/editions\/wp-content\/uploads\/2018\/01\/icone.gif?fit=80%2C150&ssl=1","contentUrl":"https:\/\/i1.wp.com\/autourdulac.com\/editions\/wp-content\/uploads\/2018\/01\/icone.gif?fit=80%2C150&ssl=1","width":80,"height":150,"caption":"autourdulac.com"},"image":{"@id":"https:\/\/autourdulac.com\/editions\/#\/schema\/logo\/image\/"}}]}},"jetpack_sharing_enabled":true,"jetpack_shortlink":"https:\/\/wp.me\/P9wg8J-bj","_links":{"self":[{"href":"https:\/\/autourdulac.com\/editions\/wp-json\/wp\/v2\/pages\/701"}],"collection":[{"href":"https:\/\/autourdulac.com\/editions\/wp-json\/wp\/v2\/pages"}],"about":[{"href":"https:\/\/autourdulac.com\/editions\/wp-json\/wp\/v2\/types\/page"}],"author":[{"embeddable":true,"href":"https:\/\/autourdulac.com\/editions\/wp-json\/wp\/v2\/users\/4"}],"replies":[{"embeddable":true,"href":"https:\/\/autourdulac.com\/editions\/wp-json\/wp\/v2\/comments?post=701"}],"version-history":[{"count":2,"href":"https:\/\/autourdulac.com\/editions\/wp-json\/wp\/v2\/pages\/701\/revisions"}],"predecessor-version":[{"id":1103,"href":"https:\/\/autourdulac.com\/editions\/wp-json\/wp\/v2\/pages\/701\/revisions\/1103"}],"up":[{"embeddable":true,"href":"https:\/\/autourdulac.com\/editions\/wp-json\/wp\/v2\/pages\/731"}],"wp:attachment":[{"href":"https:\/\/autourdulac.com\/editions\/wp-json\/wp\/v2\/media?parent=701"}],"curies":[{"name":"wp","href":"https:\/\/api.w.org\/{rel}","templated":true}]}}